{"id":6463,"date":"2023-12-04T16:14:56","date_gmt":"2023-12-04T14:14:56","guid":{"rendered":"https:\/\/www3.blomqvistplantskola.com\/?post_type=product&#038;p=6463"},"modified":"2026-03-19T13:17:52","modified_gmt":"2026-03-19T11:17:52","slug":"ympningskniv-tina-605-vanster","status":"publish","type":"product","link":"https:\/\/www3.blomqvistplantskola.com\/fi\/product\/ympningskniv-tina-605-vanster\/","title":{"rendered":"<b>Varttamisveitsi TINA 605 vasenk\u00e4tinen<\/b>"},"content":{"rendered":"","protected":false},"excerpt":{"rendered":"<p><span style=\"font-size: 16px;\">Eritt\u00e4in korkealaatuinen varttamisveitsi, sis\u00e4\u00e4ntaittuva ter\u00e4 55 mm.<br \/>\nHiottu kahva saksanp\u00e4hkin\u00e4\u00e4, 10,5cm.<br \/>\nVeitsi ammattilaisille ja s\u00e4\u00e4nn\u00f6llisesti varttaville<br \/>\nK\u00e4ytet\u00e4\u00e4n my\u00f6s silmuttamisessa<br \/>\nVasenk\u00e4tisille leve\u00e4ll\u00e4 ter\u00e4ll\u00e4<\/p>\n<p><\/span><\/p>","protected":false},"featured_media":0,"template":"","meta":[],"product_brand":[],"product_cat":[252],"product_tag":[],"class_list":{"0":"post-6463","1":"product","2":"type-product","3":"status-publish","5":"product_cat-ymptillbehor","7":"first","8":"outofstock","9":"taxable","10":"shipping-taxable","11":"purchasable","12":"product-type-simple"},"_links":{"self":[{"href":"https:\/\/www3.blomqvistplantskola.com\/fi\/wp-json\/wp\/v2\/product\/6463","targetHints":{"allow":["GET"]}}],"collection":[{"href":"https:\/\/www3.blomqvistplantskola.com\/fi\/wp-json\/wp\/v2\/product"}],"about":[{"href":"https:\/\/www3.blomqvistplantskola.com\/fi\/wp-json\/wp\/v2\/types\/product"}],"wp:attachment":[{"href":"https:\/\/www3.blomqvistplantskola.com\/fi\/wp-json\/wp\/v2\/media?parent=6463"}],"wp:term":[{"taxonomy":"product_brand","embeddable":true,"href":"https:\/\/www3.blomqvistplantskola.com\/fi\/wp-json\/wp\/v2\/product_brand?post=6463"},{"taxonomy":"product_cat","embeddable":true,"href":"https:\/\/www3.blomqvistplantskola.com\/fi\/wp-json\/wp\/v2\/product_cat?post=6463"},{"taxonomy":"product_tag","embeddable":true,"href":"https:\/\/www3.blomqvistplantskola.com\/fi\/wp-json\/wp\/v2\/product_tag?post=6463"}],"curies":[{"name":"wp","href":"https:\/\/api.w.org\/{rel}","templated":true}]}}