{"id":6663,"date":"2024-12-17T23:04:08","date_gmt":"2024-12-17T21:04:08","guid":{"rendered":"https:\/\/www3.blomqvistplantskola.com\/?post_type=product&#038;p=6663"},"modified":"2026-03-20T12:16:44","modified_gmt":"2026-03-20T10:16:44","slug":"vytenu-geltonoi-i-iiiymprisprunus-avium","status":"publish","type":"product","link":"https:\/\/www3.blomqvistplantskola.com\/fi\/product\/vytenu-geltonoi-i-iiiymprisprunus-avium\/","title":{"rendered":"<b>Vytenu Geltonoi<\/b>(varttamisoksa)<br>Prunus avium"},"content":{"rendered":"","protected":false},"excerpt":{"rendered":"<p>Liettualainen makeakirsikka lajike, joka on saanut nimens\u00e4 kotipaikkansa Vytenun mukaan. Kauniit loistavan keltaiset hedelm\u00e4t kypsyv\u00e4t hein\u00e4kuun lopulla. Hedelm\u00e4 on todella makea, melkein kuin karamelli, ei mainittavasti hapan. Maukas sy\u00f6t\u00e4v\u00e4ksi sellaisenaan, mutta hieno my\u00f6s k\u00e4ytett\u00e4v\u00e4ksi koristeena. Voimakaskasvuinen puu, joka vaatii leikkausta saadaakseen hyv\u00e4n muodon. Antaa runsaan sadon, Suomessa saatu jopa jopa 20 l\/puu. Ei ole itsep\u00f6lytt\u00e4v\u00e4, vaan tulee istuttaa toisen makeakirsikan kanssa sadon saamiseksi.<\/p>\n<p><strong>Vy\u00f6hyke: <\/strong>I-III<br \/>\n<strong>Tyyppi: <\/strong>Makeakirsikka<\/p>","protected":false},"featured_media":5099,"template":"","meta":[],"product_brand":[],"product_cat":[251],"product_tag":[],"class_list":{"0":"post-6663","1":"product","2":"type-product","3":"status-publish","4":"has-post-thumbnail","6":"product_cat-ympris","8":"first","9":"outofstock","10":"taxable","11":"shipping-taxable","12":"purchasable","13":"product-type-simple"},"_links":{"self":[{"href":"https:\/\/www3.blomqvistplantskola.com\/fi\/wp-json\/wp\/v2\/product\/6663","targetHints":{"allow":["GET"]}}],"collection":[{"href":"https:\/\/www3.blomqvistplantskola.com\/fi\/wp-json\/wp\/v2\/product"}],"about":[{"href":"https:\/\/www3.blomqvistplantskola.com\/fi\/wp-json\/wp\/v2\/types\/product"}],"wp:featuredmedia":[{"embeddable":true,"href":"https:\/\/www3.blomqvistplantskola.com\/fi\/wp-json\/wp\/v2\/media\/5099"}],"wp:attachment":[{"href":"https:\/\/www3.blomqvistplantskola.com\/fi\/wp-json\/wp\/v2\/media?parent=6663"}],"wp:term":[{"taxonomy":"product_brand","embeddable":true,"href":"https:\/\/www3.blomqvistplantskola.com\/fi\/wp-json\/wp\/v2\/product_brand?post=6663"},{"taxonomy":"product_cat","embeddable":true,"href":"https:\/\/www3.blomqvistplantskola.com\/fi\/wp-json\/wp\/v2\/product_cat?post=6663"},{"taxonomy":"product_tag","embeddable":true,"href":"https:\/\/www3.blomqvistplantskola.com\/fi\/wp-json\/wp\/v2\/product_tag?post=6663"}],"curies":[{"name":"wp","href":"https:\/\/api.w.org\/{rel}","templated":true}]}}