{"id":6739,"date":"2026-03-13T13:44:15","date_gmt":"2026-03-13T11:44:15","guid":{"rendered":"https:\/\/www3.blomqvistplantskola.com\/?post_type=product&#038;p=6739"},"modified":"2026-04-24T09:55:08","modified_gmt":"2026-04-24T07:55:08","slug":"bergius-spomalus-domestica","status":"publish","type":"product","link":"https:\/\/www3.blomqvistplantskola.com\/fi\/product\/bergius-spomalus-domestica\/","title":{"rendered":"<b>Bergius <\/b>(piiskataimi)<br>Malus domestica"},"content":{"rendered":"<p>Hedelm\u00e4puun piiska-\/ kevytttaimi 4 litran taimipussissa. Piiskataimet on leikattu noin 70-80 cm korkuisiksi.<br \/>\nMukana toimitetaan lyhyet viljelyohjeet, ja jo ensi syksyn\u00e4 sinulla on pieni hedelm\u00e4puu.<\/p>","protected":false},"excerpt":{"rendered":"<p>Tunnetun S\u00e4vstaholm lajikkeen punainen mutaatio Ruotsista vuodelta 1908. Hedelm\u00e4 on kirkkaanpunainen ja hieman pitk\u00e4nomainen. Eritt\u00e4in hyv\u00e4t, mehukkaat ja makeanhapokkaat hedelm\u00e4t, jotka toki ylikypsin\u00e4 muuttuvat jauhoisiksi, kuten useimmat muutkin kes\u00e4lajikkeet. Hedelma saa viile\u00e4mm\u00e4ss\u00e4 ilmastossa erinomaisen maun. Yksi pidetyimmist\u00e4 p\u00f6yt\u00e4- ja herkkuomenoista kes\u00e4lajikkeiden joukossa. Nopeakasvuinen, melko pieni puu, joka varhaisessa vaiheessa antaa runsaan sadon. Hyv\u00e4 ja terve p\u00f6lytt\u00e4j\u00e4lajike.<\/p>\n<p><strong>Vy\u00f6hyke: <\/strong>FI 1-4.\u00a0 SE 1-6.<br \/>\n<strong>Tyyppi: <\/strong>Kes\u00e4lajike<\/p>","protected":false},"featured_media":5991,"template":"","meta":[],"product_brand":[],"product_cat":[240],"product_tag":[],"class_list":{"0":"post-6739","1":"product","2":"type-product","3":"status-publish","4":"has-post-thumbnail","6":"product_cat-appeltrad","7":"product_shipping_class-postpaket","9":"first","10":"instock","11":"taxable","12":"shipping-taxable","13":"purchasable","14":"product-type-simple"},"_links":{"self":[{"href":"https:\/\/www3.blomqvistplantskola.com\/fi\/wp-json\/wp\/v2\/product\/6739","targetHints":{"allow":["GET"]}}],"collection":[{"href":"https:\/\/www3.blomqvistplantskola.com\/fi\/wp-json\/wp\/v2\/product"}],"about":[{"href":"https:\/\/www3.blomqvistplantskola.com\/fi\/wp-json\/wp\/v2\/types\/product"}],"wp:featuredmedia":[{"embeddable":true,"href":"https:\/\/www3.blomqvistplantskola.com\/fi\/wp-json\/wp\/v2\/media\/5991"}],"wp:attachment":[{"href":"https:\/\/www3.blomqvistplantskola.com\/fi\/wp-json\/wp\/v2\/media?parent=6739"}],"wp:term":[{"taxonomy":"product_brand","embeddable":true,"href":"https:\/\/www3.blomqvistplantskola.com\/fi\/wp-json\/wp\/v2\/product_brand?post=6739"},{"taxonomy":"product_cat","embeddable":true,"href":"https:\/\/www3.blomqvistplantskola.com\/fi\/wp-json\/wp\/v2\/product_cat?post=6739"},{"taxonomy":"product_tag","embeddable":true,"href":"https:\/\/www3.blomqvistplantskola.com\/fi\/wp-json\/wp\/v2\/product_tag?post=6739"}],"curies":[{"name":"wp","href":"https:\/\/api.w.org\/{rel}","templated":true}]}}