{"id":6741,"date":"2026-03-13T14:15:36","date_gmt":"2026-03-13T12:15:36","guid":{"rendered":"https:\/\/www3.blomqvistplantskola.com\/?post_type=product&#038;p=6741"},"modified":"2026-04-20T11:24:05","modified_gmt":"2026-04-20T09:24:05","slug":"vytenu-geltonoiymprisprunus-avium-kopia","status":"publish","type":"product","link":"https:\/\/www3.blomqvistplantskola.com\/fi\/product\/vytenu-geltonoiymprisprunus-avium-kopia\/","title":{"rendered":"<b>Vytenu Geltonoi<\/b>(piiskataimi)<br>Prunus avium"},"content":{"rendered":"<p>Hedelm\u00e4puun piiska-\/ kevytttaimi 4 litran taimipussissa. Piiskataimet on leikattu noin 70-80 cm korkuisiksi.<br \/>\nMukana toimitetaan lyhyet viljelyohjeet, ja jo ensi syksyn\u00e4 sinulla on pieni hedelm\u00e4puu.<\/p>\n<p>Grundstam: Prunus `GiSelA 5\u00b4(svagv\u00e4xande grundstam)<\/p>","protected":false},"excerpt":{"rendered":"<p>Liettualainen makeakirsikka lajike, joka on saanut nimens\u00e4 kotipaikkansa Vytenun mukaan. Kauniit loistavan keltaiset hedelm\u00e4t kypsyv\u00e4t hein\u00e4kuun lopulla. Hedelm\u00e4 on todella makea, melkein kuin karamelli, ei mainittavasti hapan. Maukas sy\u00f6t\u00e4v\u00e4ksi sellaisenaan, mutta hieno my\u00f6s k\u00e4ytett\u00e4v\u00e4ksi koristeena. Voimakaskasvuinen puu, joka vaatii leikkausta saadaakseen hyv\u00e4n muodon. Antaa runsaan sadon, Suomessa saatu jopa jopa 20 l\/puu. Ei ole itsep\u00f6lytt\u00e4v\u00e4, vaan tulee istuttaa toisen makeakirsikan kanssa sadon saamiseksi.<\/p>\n<p><strong>Vy\u00f6hyke: <\/strong>FI 1-3. SE 1-4.<br \/>\n<strong>Tyyppi:<\/strong> Bigarr\u00e5\/S\u00f6tk\u00f6rsb\u00e4r<\/p>","protected":false},"featured_media":5099,"template":"","meta":[],"product_brand":[],"product_cat":[243],"product_tag":[],"class_list":{"0":"post-6741","1":"product","2":"type-product","3":"status-publish","4":"has-post-thumbnail","6":"product_cat-korsbarstrad","7":"product_shipping_class-postpaket","9":"first","10":"outofstock","11":"taxable","12":"shipping-taxable","13":"purchasable","14":"product-type-simple"},"_links":{"self":[{"href":"https:\/\/www3.blomqvistplantskola.com\/fi\/wp-json\/wp\/v2\/product\/6741","targetHints":{"allow":["GET"]}}],"collection":[{"href":"https:\/\/www3.blomqvistplantskola.com\/fi\/wp-json\/wp\/v2\/product"}],"about":[{"href":"https:\/\/www3.blomqvistplantskola.com\/fi\/wp-json\/wp\/v2\/types\/product"}],"wp:featuredmedia":[{"embeddable":true,"href":"https:\/\/www3.blomqvistplantskola.com\/fi\/wp-json\/wp\/v2\/media\/5099"}],"wp:attachment":[{"href":"https:\/\/www3.blomqvistplantskola.com\/fi\/wp-json\/wp\/v2\/media?parent=6741"}],"wp:term":[{"taxonomy":"product_brand","embeddable":true,"href":"https:\/\/www3.blomqvistplantskola.com\/fi\/wp-json\/wp\/v2\/product_brand?post=6741"},{"taxonomy":"product_cat","embeddable":true,"href":"https:\/\/www3.blomqvistplantskola.com\/fi\/wp-json\/wp\/v2\/product_cat?post=6741"},{"taxonomy":"product_tag","embeddable":true,"href":"https:\/\/www3.blomqvistplantskola.com\/fi\/wp-json\/wp\/v2\/product_tag?post=6741"}],"curies":[{"name":"wp","href":"https:\/\/api.w.org\/{rel}","templated":true}]}}