{"id":6747,"date":"2026-03-13T14:15:36","date_gmt":"2026-03-13T12:15:36","guid":{"rendered":"https:\/\/www3.blomqvistplantskola.com\/?post_type=product&#038;p=6747"},"modified":"2026-04-10T13:12:45","modified_gmt":"2026-04-10T11:12:45","slug":"brianskaja-rozovaja-ymprisprunus-avium-kopia","status":"publish","type":"product","link":"https:\/\/www3.blomqvistplantskola.com\/fi\/product\/brianskaja-rozovaja-ymprisprunus-avium-kopia\/","title":{"rendered":"<b>Brianskaja rozovaja <\/b>(piiskataimi)<br>Prunus avium"},"content":{"rendered":"<p>Hedelm\u00e4puun piiska-\/ kevytttaimi 4 litran taimipussissa. Piiskataimet on leikattu noin 70-80 cm korkuisiksi.<br \/>\nMukana toimitetaan lyhyet viljelyohjeet, ja jo ensi syksyn\u00e4 sinulla on pieni hedelm\u00e4puu.<\/p>\n<p>Grundstam: Prunus `GiSelA 5\u00b4(svagv\u00e4xande grundstam)<\/p>","protected":false},"excerpt":{"rendered":"<p>Ven\u00e4l\u00e4inen lajike, jolla keskikokoiset, hyv\u00e4t, tummanpunaiset hedelm\u00e4t. Hedelm\u00e4liha on kiinte\u00e4\u00e4, jonka vuoksi se ei halkeile edes sateisina kesin\u00e4. Keskisuuri puu, jolla kompakti lehv\u00e4st\u00f6. Yksi suosituimmista lajikkeista kokeiltavaksi v\u00e4h\u00e4n ylemmill\u00e4 vy\u00f6hykkeill\u00e4. Ei itsep\u00f6lytt\u00e4v\u00e4, istutetaan yhdess\u00e4 toisen makeakirsikan kanssa.<\/p>\n<p><strong>Vy\u00f6hyke: <\/strong>FI 1-3. SE 1-4.<br \/>\n<strong>Tyyppi: <\/strong>Kirsikka \/ Makeakirsikka<\/p>","protected":false},"featured_media":6400,"template":"","meta":[],"product_brand":[],"product_cat":[243],"product_tag":[],"class_list":{"0":"post-6747","1":"product","2":"type-product","3":"status-publish","4":"has-post-thumbnail","6":"product_cat-korsbarstrad","7":"product_shipping_class-postpaket","9":"first","10":"instock","11":"taxable","12":"shipping-taxable","13":"purchasable","14":"product-type-simple"},"_links":{"self":[{"href":"https:\/\/www3.blomqvistplantskola.com\/fi\/wp-json\/wp\/v2\/product\/6747","targetHints":{"allow":["GET"]}}],"collection":[{"href":"https:\/\/www3.blomqvistplantskola.com\/fi\/wp-json\/wp\/v2\/product"}],"about":[{"href":"https:\/\/www3.blomqvistplantskola.com\/fi\/wp-json\/wp\/v2\/types\/product"}],"wp:featuredmedia":[{"embeddable":true,"href":"https:\/\/www3.blomqvistplantskola.com\/fi\/wp-json\/wp\/v2\/media\/6400"}],"wp:attachment":[{"href":"https:\/\/www3.blomqvistplantskola.com\/fi\/wp-json\/wp\/v2\/media?parent=6747"}],"wp:term":[{"taxonomy":"product_brand","embeddable":true,"href":"https:\/\/www3.blomqvistplantskola.com\/fi\/wp-json\/wp\/v2\/product_brand?post=6747"},{"taxonomy":"product_cat","embeddable":true,"href":"https:\/\/www3.blomqvistplantskola.com\/fi\/wp-json\/wp\/v2\/product_cat?post=6747"},{"taxonomy":"product_tag","embeddable":true,"href":"https:\/\/www3.blomqvistplantskola.com\/fi\/wp-json\/wp\/v2\/product_tag?post=6747"}],"curies":[{"name":"wp","href":"https:\/\/api.w.org\/{rel}","templated":true}]}}