{"id":6748,"date":"2026-03-13T14:20:59","date_gmt":"2026-03-13T12:20:59","guid":{"rendered":"https:\/\/www3.blomqvistplantskola.com\/?post_type=product&#038;p=6748"},"modified":"2026-04-27T12:20:22","modified_gmt":"2026-04-27T10:20:22","slug":"tuna-ymprisprunus-domestica-kopia","status":"publish","type":"product","link":"https:\/\/www3.blomqvistplantskola.com\/fi\/product\/tuna-ymprisprunus-domestica-kopia\/","title":{"rendered":"<b>Tuna <\/b>(piiskataimi)<br>Prunus domestica"},"content":{"rendered":"<p>Hedelm\u00e4puun piiska-\/ kevytttaimi 4 litran taimipussissa. Piiskataimet on leikattu noin 70-80 cm korkuisiksi.<br \/>\nMukana toimitetaan lyhyet viljelyohjeet, ja jo ensi syksyn\u00e4 sinulla on pieni hedelm\u00e4puu.<\/p>","protected":false},"excerpt":{"rendered":"<p>Paikallislajike Ruotsin Medelpadista. Hedelm\u00e4 kypsyy aikaisin, elokuun lopulla. Hedelm\u00e4liha on kiinte\u00e4\u00e4, mehukasta, makeaa ja hyv\u00e4aromista. Kivi irtoaa hedelm\u00e4lihasta helposti. Antaa runsaan sadon melkein joka vuosi. Hedelm\u00e4 putoaa hyvin herk\u00e4sti, joten sato pit\u00e4\u00e4 korjata satokautena p\u00e4ivitt\u00e4in. Puu kasvaa hyvin vaatimattomallakin kasvupaikalla ja on selviytynyt hienosti l\u00e4nsi-Pohjanmaalla jo yli 15 vuotta. Ehdottomasti talvenkest\u00e4vimpi\u00e4 luumulajikkeistamme.<\/p>\n<p><strong>Vy\u00f6hyke: <\/strong>FI 1-4\/5. SE 1-5\/6.<br \/>\n<strong>Tyyppi: <\/strong>Luumu<\/p>","protected":false},"featured_media":6420,"template":"","meta":[],"product_brand":[],"product_cat":[247],"product_tag":[],"class_list":{"0":"post-6748","1":"product","2":"type-product","3":"status-publish","4":"has-post-thumbnail","6":"product_cat-plummontrad","7":"product_shipping_class-postpaket","9":"first","10":"instock","11":"taxable","12":"shipping-taxable","13":"purchasable","14":"product-type-simple"},"_links":{"self":[{"href":"https:\/\/www3.blomqvistplantskola.com\/fi\/wp-json\/wp\/v2\/product\/6748","targetHints":{"allow":["GET"]}}],"collection":[{"href":"https:\/\/www3.blomqvistplantskola.com\/fi\/wp-json\/wp\/v2\/product"}],"about":[{"href":"https:\/\/www3.blomqvistplantskola.com\/fi\/wp-json\/wp\/v2\/types\/product"}],"wp:featuredmedia":[{"embeddable":true,"href":"https:\/\/www3.blomqvistplantskola.com\/fi\/wp-json\/wp\/v2\/media\/6420"}],"wp:attachment":[{"href":"https:\/\/www3.blomqvistplantskola.com\/fi\/wp-json\/wp\/v2\/media?parent=6748"}],"wp:term":[{"taxonomy":"product_brand","embeddable":true,"href":"https:\/\/www3.blomqvistplantskola.com\/fi\/wp-json\/wp\/v2\/product_brand?post=6748"},{"taxonomy":"product_cat","embeddable":true,"href":"https:\/\/www3.blomqvistplantskola.com\/fi\/wp-json\/wp\/v2\/product_cat?post=6748"},{"taxonomy":"product_tag","embeddable":true,"href":"https:\/\/www3.blomqvistplantskola.com\/fi\/wp-json\/wp\/v2\/product_tag?post=6748"}],"curies":[{"name":"wp","href":"https:\/\/api.w.org\/{rel}","templated":true}]}}