{"id":6749,"date":"2026-03-13T14:21:40","date_gmt":"2026-03-13T12:21:40","guid":{"rendered":"https:\/\/www3.blomqvistplantskola.com\/?post_type=product&#038;p=6749"},"modified":"2026-03-13T14:21:40","modified_gmt":"2026-03-13T12:21:40","slug":"vetraz-ymprisprunus-cerasifera-kopia","status":"publish","type":"product","link":"https:\/\/www3.blomqvistplantskola.com\/fi\/product\/vetraz-ymprisprunus-cerasifera-kopia\/","title":{"rendered":"<b>Vetraz <\/b>(piiskataimi)<br>Prunus cerasifera"},"content":{"rendered":"<p>Hedelm\u00e4puun piiska-\/ kevytttaimi 4 litran taimipussissa. Piiskataimet on leikattu noin 70-80 cm korkuisiksi.<br \/>\nMukana toimitetaan lyhyet viljelyohjeet, ja jo ensi syksyn\u00e4 sinulla on pieni hedelm\u00e4puu.<\/p>","protected":false},"excerpt":{"rendered":"<p>Kirsikkaluumu, joka polveutuu alkujaan Valko-Ven\u00e4j\u00e4lt\u00e4. Hedelm\u00e4 maistuu miedon makealta. Kuori on ohut, joten hedelm\u00e4 ei kest\u00e4 kolhuja. Sopii tuorek\u00e4ytt\u00f6\u00f6n. Hedelm\u00e4liha irtoaa kivest\u00e4. Voimakaskasvuinen puu, josta tulee lis\u00e4ksi suuri ja leve\u00e4. Lajike ei ole itsep\u00f6lytteinen, mutta on hyv\u00e4 p\u00f6lytt\u00e4j\u00e4 muille kirsikkaluumuille. Hyv\u00e4 istuttaa esim. Inesen kanssa.<\/p>\n<p><strong>Vy\u00f6hyke: <\/strong>FI 1-3. SE 1-4.<br \/>\n<strong>Tyyppi: <\/strong>Hybridiluumu \/ Kirsikkaluumu<\/p>","protected":false},"featured_media":6413,"template":"","meta":[],"product_brand":[],"product_cat":[247],"product_tag":[],"class_list":{"0":"post-6749","1":"product","2":"type-product","3":"status-publish","4":"has-post-thumbnail","6":"product_cat-plummontrad","7":"product_shipping_class-postpaket","9":"first","10":"instock","11":"taxable","12":"shipping-taxable","13":"purchasable","14":"product-type-simple"},"_links":{"self":[{"href":"https:\/\/www3.blomqvistplantskola.com\/fi\/wp-json\/wp\/v2\/product\/6749","targetHints":{"allow":["GET"]}}],"collection":[{"href":"https:\/\/www3.blomqvistplantskola.com\/fi\/wp-json\/wp\/v2\/product"}],"about":[{"href":"https:\/\/www3.blomqvistplantskola.com\/fi\/wp-json\/wp\/v2\/types\/product"}],"wp:featuredmedia":[{"embeddable":true,"href":"https:\/\/www3.blomqvistplantskola.com\/fi\/wp-json\/wp\/v2\/media\/6413"}],"wp:attachment":[{"href":"https:\/\/www3.blomqvistplantskola.com\/fi\/wp-json\/wp\/v2\/media?parent=6749"}],"wp:term":[{"taxonomy":"product_brand","embeddable":true,"href":"https:\/\/www3.blomqvistplantskola.com\/fi\/wp-json\/wp\/v2\/product_brand?post=6749"},{"taxonomy":"product_cat","embeddable":true,"href":"https:\/\/www3.blomqvistplantskola.com\/fi\/wp-json\/wp\/v2\/product_cat?post=6749"},{"taxonomy":"product_tag","embeddable":true,"href":"https:\/\/www3.blomqvistplantskola.com\/fi\/wp-json\/wp\/v2\/product_tag?post=6749"}],"curies":[{"name":"wp","href":"https:\/\/api.w.org\/{rel}","templated":true}]}}