{"id":6754,"date":"2026-03-13T14:14:20","date_gmt":"2026-03-13T12:14:20","guid":{"rendered":"https:\/\/www3.blomqvistplantskola.com\/?post_type=product&#038;p=6754"},"modified":"2026-04-14T18:42:26","modified_gmt":"2026-04-14T16:42:26","slug":"mi-tao-li-ymprisprunus-salicina-kopia","status":"publish","type":"product","link":"https:\/\/www3.blomqvistplantskola.com\/fi\/product\/mi-tao-li-ymprisprunus-salicina-kopia\/","title":{"rendered":"<b>Mi Tao Li <\/b>(piiskataimi)<br>Prunus salicina"},"content":{"rendered":"<p>Hedelm\u00e4puun piiska-\/ kevytttaimi 4 litran taimipussissa. Piiskataimet on leikattu noin 70-80 cm korkuisiksi.<br \/>\nMukana toimitetaan lyhyet viljelyohjeet, ja jo ensi syksyn\u00e4 sinulla on pieni hedelm\u00e4puu.<\/p>","protected":false},"excerpt":{"rendered":"<p>Kiinalainen luumu, jolla suuret kauniin keltapunaiset hedelm\u00e4t, 60 - 70 g. Hedelm\u00e4t kypsyv\u00e4t luumuiksi keskiaikaisin - my\u00f6h\u00e4\u00e4n. Kiinassa kutsutaan Persikkaluumuksi. Osittain itsep\u00f6lytt\u00e4v\u00e4, mutta ristip\u00f6lytyst\u00e4 toisen P. salicinan kanssa suositellaan. Tihe\u00e4, tiivis lehv\u00e4st\u00f6. Kauniit, terveet lehdet. Taimiston tyk\u00e4tyin.<\/p>\n<p><strong>Vy\u00f6hyke: <\/strong>FI 1-3\/4. SE 1-4\/5.<br \/>\n<strong>Tyyppi: <\/strong>Kiinalainen luumu<\/p>","protected":false},"featured_media":5004,"template":"","meta":[],"product_brand":[],"product_cat":[311,247],"product_tag":[],"class_list":{"0":"post-6754","1":"product","2":"type-product","3":"status-publish","4":"has-post-thumbnail","6":"product_cat-kinesiska","7":"product_cat-plummontrad","8":"product_shipping_class-postpaket","10":"first","11":"instock","12":"taxable","13":"shipping-taxable","14":"purchasable","15":"product-type-simple"},"_links":{"self":[{"href":"https:\/\/www3.blomqvistplantskola.com\/fi\/wp-json\/wp\/v2\/product\/6754","targetHints":{"allow":["GET"]}}],"collection":[{"href":"https:\/\/www3.blomqvistplantskola.com\/fi\/wp-json\/wp\/v2\/product"}],"about":[{"href":"https:\/\/www3.blomqvistplantskola.com\/fi\/wp-json\/wp\/v2\/types\/product"}],"wp:featuredmedia":[{"embeddable":true,"href":"https:\/\/www3.blomqvistplantskola.com\/fi\/wp-json\/wp\/v2\/media\/5004"}],"wp:attachment":[{"href":"https:\/\/www3.blomqvistplantskola.com\/fi\/wp-json\/wp\/v2\/media?parent=6754"}],"wp:term":[{"taxonomy":"product_brand","embeddable":true,"href":"https:\/\/www3.blomqvistplantskola.com\/fi\/wp-json\/wp\/v2\/product_brand?post=6754"},{"taxonomy":"product_cat","embeddable":true,"href":"https:\/\/www3.blomqvistplantskola.com\/fi\/wp-json\/wp\/v2\/product_cat?post=6754"},{"taxonomy":"product_tag","embeddable":true,"href":"https:\/\/www3.blomqvistplantskola.com\/fi\/wp-json\/wp\/v2\/product_tag?post=6754"}],"curies":[{"name":"wp","href":"https:\/\/api.w.org\/{rel}","templated":true}]}}