{"id":6756,"date":"2026-03-13T14:14:20","date_gmt":"2026-03-13T12:14:20","guid":{"rendered":"https:\/\/www3.blomqvistplantskola.com\/?post_type=product&#038;p=6756"},"modified":"2026-04-24T08:15:29","modified_gmt":"2026-04-24T06:15:29","slug":"golden-plum-ymprisprunus-salicina-kopia","status":"publish","type":"product","link":"https:\/\/www3.blomqvistplantskola.com\/fi\/product\/golden-plum-ymprisprunus-salicina-kopia\/","title":{"rendered":"<b>Golden Plum <\/b>(piiskataimi)<br>Prunus salicina"},"content":{"rendered":"<p>Hedelm\u00e4puun piiska-\/ kevytttaimi 4 litran taimipussissa. Piiskataimet on leikattu noin 70-80 cm korkuisiksi.<br \/>\nMukana toimitetaan lyhyet viljelyohjeet, ja jo ensi syksyn\u00e4 sinulla on pieni hedelm\u00e4puu.<\/p>","protected":false},"excerpt":{"rendered":"<p>Mehukas, keltainen luumu Kiinasta Jilin provinssista. Luumut ovat mehukkaita ja suuria, 30-50 g (jopa 60g). Maku on aromaattisen makea, hapokkuutta sopivasti. Varsinainen herkku. Terve puu, jolla hyv\u00e4 vastustuskyky haulitautia vastaan. Kauniit lehdet ja syysv\u00e4ri, kypsyy aikaisin. Ristip\u00f6lytyst\u00e4 suositellaan toisen P. salicinan kanssa.<\/p>\n<p><strong>Vy\u00f6hyke: <\/strong>FI 1-3\/4. SE 1-4\/5.<br \/>\n<strong>Tyyppi: <\/strong>Kiinalainen luumu<\/p>","protected":false},"featured_media":4994,"template":"","meta":[],"product_brand":[],"product_cat":[311,247],"product_tag":[],"class_list":{"0":"post-6756","1":"product","2":"type-product","3":"status-publish","4":"has-post-thumbnail","6":"product_cat-kinesiska","7":"product_cat-plummontrad","8":"product_shipping_class-postpaket","10":"first","11":"instock","12":"taxable","13":"shipping-taxable","14":"purchasable","15":"product-type-simple"},"_links":{"self":[{"href":"https:\/\/www3.blomqvistplantskola.com\/fi\/wp-json\/wp\/v2\/product\/6756","targetHints":{"allow":["GET"]}}],"collection":[{"href":"https:\/\/www3.blomqvistplantskola.com\/fi\/wp-json\/wp\/v2\/product"}],"about":[{"href":"https:\/\/www3.blomqvistplantskola.com\/fi\/wp-json\/wp\/v2\/types\/product"}],"wp:featuredmedia":[{"embeddable":true,"href":"https:\/\/www3.blomqvistplantskola.com\/fi\/wp-json\/wp\/v2\/media\/4994"}],"wp:attachment":[{"href":"https:\/\/www3.blomqvistplantskola.com\/fi\/wp-json\/wp\/v2\/media?parent=6756"}],"wp:term":[{"taxonomy":"product_brand","embeddable":true,"href":"https:\/\/www3.blomqvistplantskola.com\/fi\/wp-json\/wp\/v2\/product_brand?post=6756"},{"taxonomy":"product_cat","embeddable":true,"href":"https:\/\/www3.blomqvistplantskola.com\/fi\/wp-json\/wp\/v2\/product_cat?post=6756"},{"taxonomy":"product_tag","embeddable":true,"href":"https:\/\/www3.blomqvistplantskola.com\/fi\/wp-json\/wp\/v2\/product_tag?post=6756"}],"curies":[{"name":"wp","href":"https:\/\/api.w.org\/{rel}","templated":true}]}}