{"id":6758,"date":"2026-03-13T14:21:02","date_gmt":"2026-03-13T12:21:02","guid":{"rendered":"https:\/\/www3.blomqvistplantskola.com\/?post_type=product&#038;p=6758"},"modified":"2026-03-31T19:09:51","modified_gmt":"2026-03-31T17:09:51","slug":"experimentalfaltets-sviskon-ymprisprunus-domestica-kopia","status":"publish","type":"product","link":"https:\/\/www3.blomqvistplantskola.com\/fi\/product\/experimentalfaltets-sviskon-ymprisprunus-domestica-kopia\/","title":{"rendered":"<b>Koetarhan v\u00e4\u00e4skyn\u00e4 <\/b>(piiskataimi)<br>Prunus domestica"},"content":{"rendered":"<p>Hedelm\u00e4puun piiska-\/ kevytttaimi 4 litran taimipussissa. Piiskataimet on leikattu noin 70-80 cm korkuisiksi.<br \/>\nMukana toimitetaan lyhyet viljelyohjeet, ja jo ensi syksyn\u00e4 sinulla on pieni hedelm\u00e4puu.<\/p>","protected":false},"excerpt":{"rendered":"<p>Ruotsalainen lajike vuodelta 1865. Koetarhan taimistosta per\u00e4isin. Hedelm\u00e4 on keskikokoinen, n. 41mm pitk\u00e4 ja 28mm leve\u00e4. On v\u00e4rilt\u00e4\u00e4n mustavioletti, isommilla tai pienemmill\u00e4 pilkuilla. Pinnalla vaaleansininen vaha. Malto keltavihre\u00e4, l\u00f6ys\u00e4 ja mehukas. On maultaan hyv\u00e4nmakuinen ja imel\u00e4happoinen. Hedelm\u00e4liha irtoaa kivest\u00e4. Itsep\u00f6lytt\u00e4v\u00e4, hyv\u00e4 p\u00f6lytt\u00e4j\u00e4 muille. Edelleen harvinainen, vaikka on kyps\u00e4n\u00e4 yksi parhaista luumuista.<\/p>\n<p><strong>Vy\u00f6hyke: <\/strong>FI 1-3(4). SE 1-5.<br \/>\n<strong>Tyyppi: <\/strong>V\u00e4\u00e4skyn\u00e4<\/p>","protected":false},"featured_media":5102,"template":"","meta":[],"product_brand":[],"product_cat":[247],"product_tag":[],"class_list":{"0":"post-6758","1":"product","2":"type-product","3":"status-publish","4":"has-post-thumbnail","6":"product_cat-plummontrad","7":"product_shipping_class-postpaket","9":"first","10":"outofstock","11":"taxable","12":"shipping-taxable","13":"purchasable","14":"product-type-simple"},"_links":{"self":[{"href":"https:\/\/www3.blomqvistplantskola.com\/fi\/wp-json\/wp\/v2\/product\/6758","targetHints":{"allow":["GET"]}}],"collection":[{"href":"https:\/\/www3.blomqvistplantskola.com\/fi\/wp-json\/wp\/v2\/product"}],"about":[{"href":"https:\/\/www3.blomqvistplantskola.com\/fi\/wp-json\/wp\/v2\/types\/product"}],"wp:featuredmedia":[{"embeddable":true,"href":"https:\/\/www3.blomqvistplantskola.com\/fi\/wp-json\/wp\/v2\/media\/5102"}],"wp:attachment":[{"href":"https:\/\/www3.blomqvistplantskola.com\/fi\/wp-json\/wp\/v2\/media?parent=6758"}],"wp:term":[{"taxonomy":"product_brand","embeddable":true,"href":"https:\/\/www3.blomqvistplantskola.com\/fi\/wp-json\/wp\/v2\/product_brand?post=6758"},{"taxonomy":"product_cat","embeddable":true,"href":"https:\/\/www3.blomqvistplantskola.com\/fi\/wp-json\/wp\/v2\/product_cat?post=6758"},{"taxonomy":"product_tag","embeddable":true,"href":"https:\/\/www3.blomqvistplantskola.com\/fi\/wp-json\/wp\/v2\/product_tag?post=6758"}],"curies":[{"name":"wp","href":"https:\/\/api.w.org\/{rel}","templated":true}]}}