{"id":6761,"date":"2026-03-13T14:19:10","date_gmt":"2026-03-13T12:19:10","guid":{"rendered":"https:\/\/www3.blomqvistplantskola.com\/?post_type=product&#038;p=6761"},"modified":"2026-03-15T17:09:38","modified_gmt":"2026-03-15T15:09:38","slug":"stolischnaja-ymprispyrus-communis-kopia","status":"publish","type":"product","link":"https:\/\/www3.blomqvistplantskola.com\/fi\/product\/stolischnaja-ymprispyrus-communis-kopia\/","title":{"rendered":"<b>Stolischnaja <\/b>(piiskataimi)<br>Pyrus communis"},"content":{"rendered":"<p>Hedelm\u00e4puun piiska-\/ kevytttaimi 4 litran taimipussissa. Piiskataimet on leikattu noin 70-80 cm korkuisiksi.<br \/>\nMukana toimitetaan lyhyet viljelyohjeet, ja jo ensi syksyn\u00e4 sinulla on pieni hedelm\u00e4puu.<\/p>","protected":false},"excerpt":{"rendered":"<p>P\u00e4\u00e4ryn\u00e4lajike Timirjazovin akatemiasta. T\u00e4yspunainen, hedelm\u00e4n koko n. 200 g. Hyv\u00e4n makuinen.<br \/>\nGod vinterh\u00e4rdighet och blir medeltidigt b\u00f6rdig. Kan lagras ca 1,5 m\u00e5nad.<\/p>\n<p><strong>Vy\u00f6hyke: <\/strong>FI 1-3(4). SE 1-4(5).<br \/>\n<strong>Tyyppi: <\/strong>Syksylajike<\/p>","protected":false},"featured_media":5083,"template":"","meta":[],"product_brand":[],"product_cat":[241],"product_tag":[],"class_list":{"0":"post-6761","1":"product","2":"type-product","3":"status-publish","4":"has-post-thumbnail","6":"product_cat-parontrad","7":"product_shipping_class-postpaket","9":"first","10":"instock","11":"taxable","12":"shipping-taxable","13":"purchasable","14":"product-type-simple"},"_links":{"self":[{"href":"https:\/\/www3.blomqvistplantskola.com\/fi\/wp-json\/wp\/v2\/product\/6761","targetHints":{"allow":["GET"]}}],"collection":[{"href":"https:\/\/www3.blomqvistplantskola.com\/fi\/wp-json\/wp\/v2\/product"}],"about":[{"href":"https:\/\/www3.blomqvistplantskola.com\/fi\/wp-json\/wp\/v2\/types\/product"}],"wp:featuredmedia":[{"embeddable":true,"href":"https:\/\/www3.blomqvistplantskola.com\/fi\/wp-json\/wp\/v2\/media\/5083"}],"wp:attachment":[{"href":"https:\/\/www3.blomqvistplantskola.com\/fi\/wp-json\/wp\/v2\/media?parent=6761"}],"wp:term":[{"taxonomy":"product_brand","embeddable":true,"href":"https:\/\/www3.blomqvistplantskola.com\/fi\/wp-json\/wp\/v2\/product_brand?post=6761"},{"taxonomy":"product_cat","embeddable":true,"href":"https:\/\/www3.blomqvistplantskola.com\/fi\/wp-json\/wp\/v2\/product_cat?post=6761"},{"taxonomy":"product_tag","embeddable":true,"href":"https:\/\/www3.blomqvistplantskola.com\/fi\/wp-json\/wp\/v2\/product_tag?post=6761"}],"curies":[{"name":"wp","href":"https:\/\/api.w.org\/{rel}","templated":true}]}}