{"id":6762,"date":"2026-03-13T14:19:11","date_gmt":"2026-03-13T12:19:11","guid":{"rendered":"https:\/\/www3.blomqvistplantskola.com\/?post_type=product&#038;p=6762"},"modified":"2026-04-18T11:38:26","modified_gmt":"2026-04-18T09:38:26","slug":"skoropelka-mitschurinska-ymprispyrus-communis-kopia","status":"publish","type":"product","link":"https:\/\/www3.blomqvistplantskola.com\/fi\/product\/skoropelka-mitschurinska-ymprispyrus-communis-kopia\/","title":{"rendered":"<b>Skoropelka Mitschurinska <\/b>(piiskataimi)<br>Pyrus communis"},"content":{"rendered":"<p>Hedelm\u00e4puun piiska-\/ kevytttaimi 4 litran taimipussissa. Piiskataimet on leikattu noin 70-80 cm korkuisiksi.<br \/>\nMukana toimitetaan lyhyet viljelyohjeet, ja jo ensi syksyn\u00e4 sinulla on pieni hedelm\u00e4puu.<\/p>","protected":false},"excerpt":{"rendered":"<p>Ven\u00e4l\u00e4inen kes\u00e4p\u00e4\u00e4ryn\u00e4, jolla eritt\u00e4in hyv\u00e4 maku. Hedelm\u00e4 kypsyy aikaisin, rakenne tulee l\u00e4hes voimaiseksi kyps\u00e4n\u00e4, paino noin 70 g. Sato on varsin runsas. Puu on keskisuuri. Kosteuttapid\u00e4tt\u00e4v\u00e4 maa on maun vuoksi t\u00e4rke\u00e4. Aikaisimmin kypsyv\u00e4? kaikista p\u00e4\u00e4ryn\u00e4lajikkeista, voidaan varastoida n. 2 vk. Osittain itsep\u00f6lyttyv\u00e4, kuitenkin ristip\u00f6lytyst\u00e4 suositellaan<\/p>\n<p><strong>Vy\u00f6hyke: <\/strong>FI 1-3. SE 1-4.<br \/>\n<strong>Tyyppi: <\/strong>Kes\u00e4lajike<\/p>","protected":false},"featured_media":6085,"template":"","meta":[],"product_brand":[],"product_cat":[241],"product_tag":[],"class_list":{"0":"post-6762","1":"product","2":"type-product","3":"status-publish","4":"has-post-thumbnail","6":"product_cat-parontrad","7":"product_shipping_class-postpaket","9":"first","10":"instock","11":"taxable","12":"shipping-taxable","13":"purchasable","14":"product-type-simple"},"_links":{"self":[{"href":"https:\/\/www3.blomqvistplantskola.com\/fi\/wp-json\/wp\/v2\/product\/6762","targetHints":{"allow":["GET"]}}],"collection":[{"href":"https:\/\/www3.blomqvistplantskola.com\/fi\/wp-json\/wp\/v2\/product"}],"about":[{"href":"https:\/\/www3.blomqvistplantskola.com\/fi\/wp-json\/wp\/v2\/types\/product"}],"wp:featuredmedia":[{"embeddable":true,"href":"https:\/\/www3.blomqvistplantskola.com\/fi\/wp-json\/wp\/v2\/media\/6085"}],"wp:attachment":[{"href":"https:\/\/www3.blomqvistplantskola.com\/fi\/wp-json\/wp\/v2\/media?parent=6762"}],"wp:term":[{"taxonomy":"product_brand","embeddable":true,"href":"https:\/\/www3.blomqvistplantskola.com\/fi\/wp-json\/wp\/v2\/product_brand?post=6762"},{"taxonomy":"product_cat","embeddable":true,"href":"https:\/\/www3.blomqvistplantskola.com\/fi\/wp-json\/wp\/v2\/product_cat?post=6762"},{"taxonomy":"product_tag","embeddable":true,"href":"https:\/\/www3.blomqvistplantskola.com\/fi\/wp-json\/wp\/v2\/product_tag?post=6762"}],"curies":[{"name":"wp","href":"https:\/\/api.w.org\/{rel}","templated":true}]}}