{"id":6766,"date":"2026-03-13T14:19:11","date_gmt":"2026-03-13T12:19:11","guid":{"rendered":"https:\/\/www3.blomqvistplantskola.com\/?post_type=product&#038;p=6766"},"modified":"2026-04-25T16:26:05","modified_gmt":"2026-04-25T14:26:05","slug":"moskovskaja-ymprispyrus-communis-kopia","status":"publish","type":"product","link":"https:\/\/www3.blomqvistplantskola.com\/fi\/product\/moskovskaja-ymprispyrus-communis-kopia\/","title":{"rendered":"<b>Moskovskaja, Moskovan p\u00e4\u00e4ryn\u00e4 <\/b>(piiskataimi)<br>Pyrus communis"},"content":{"rendered":"<p>Hedelm\u00e4puun piiska-\/ kevytttaimi 4 litran taimipussissa. Piiskataimet on leikattu noin 70-80 cm korkuisiksi.<br \/>\nMukana toimitetaan lyhyet viljelyohjeet, ja jo ensi syksyn\u00e4 sinulla on pieni hedelm\u00e4puu.<\/p>","protected":false},"excerpt":{"rendered":"<p>Ven\u00e4l\u00e4inen lajike, joka muistuttaa hieman Pepi\u00e4, mutta on sit\u00e4 v\u00e4h\u00e4n suurempi, n.80 g. Malto on pehme\u00e4\u00e4, mehukasta, aromaattista ja makeaa, mukana eritt\u00e4in miellytt\u00e4v\u00e4 p\u00e4\u00e4ryn\u00e4n aromi. Hedelmi\u00e4 voidaan varastoida muutamia viikkoja. Mainio tuorehedelm\u00e4, mutta sopii my\u00f6s talousk\u00e4ytt\u00f6\u00f6n aromikkuutensa ansiosta. Melko voimakaskasvuinen, pyramidinmuotoinen, tihe\u00e4 puu. Antaa varhain ensimm\u00e4isen satonsa. Itsep\u00f6lytt\u00e4v\u00e4, mutta ristip\u00f6lytys antaa varmemman sadon.<\/p>\n<p><strong>Vy\u00f6hyke: <\/strong>FI 1-3. SE 1-4.<br \/>\n<strong>Tyyppi: <\/strong>Syksylajike<\/p>","protected":false},"featured_media":6430,"template":"","meta":[],"product_brand":[],"product_cat":[241],"product_tag":[],"class_list":{"0":"post-6766","1":"product","2":"type-product","3":"status-publish","4":"has-post-thumbnail","6":"product_cat-parontrad","7":"product_shipping_class-postpaket","9":"first","10":"instock","11":"taxable","12":"shipping-taxable","13":"purchasable","14":"product-type-simple"},"_links":{"self":[{"href":"https:\/\/www3.blomqvistplantskola.com\/fi\/wp-json\/wp\/v2\/product\/6766","targetHints":{"allow":["GET"]}}],"collection":[{"href":"https:\/\/www3.blomqvistplantskola.com\/fi\/wp-json\/wp\/v2\/product"}],"about":[{"href":"https:\/\/www3.blomqvistplantskola.com\/fi\/wp-json\/wp\/v2\/types\/product"}],"wp:featuredmedia":[{"embeddable":true,"href":"https:\/\/www3.blomqvistplantskola.com\/fi\/wp-json\/wp\/v2\/media\/6430"}],"wp:attachment":[{"href":"https:\/\/www3.blomqvistplantskola.com\/fi\/wp-json\/wp\/v2\/media?parent=6766"}],"wp:term":[{"taxonomy":"product_brand","embeddable":true,"href":"https:\/\/www3.blomqvistplantskola.com\/fi\/wp-json\/wp\/v2\/product_brand?post=6766"},{"taxonomy":"product_cat","embeddable":true,"href":"https:\/\/www3.blomqvistplantskola.com\/fi\/wp-json\/wp\/v2\/product_cat?post=6766"},{"taxonomy":"product_tag","embeddable":true,"href":"https:\/\/www3.blomqvistplantskola.com\/fi\/wp-json\/wp\/v2\/product_tag?post=6766"}],"curies":[{"name":"wp","href":"https:\/\/api.w.org\/{rel}","templated":true}]}}