{"id":6771,"date":"2026-03-13T13:44:15","date_gmt":"2026-03-13T11:44:15","guid":{"rendered":"https:\/\/www3.blomqvistplantskola.com\/?post_type=product&#038;p=6771"},"modified":"2026-04-24T09:54:57","modified_gmt":"2026-04-24T07:54:57","slug":"vit-nalif-ymprismalus-domestica-kopia","status":"publish","type":"product","link":"https:\/\/www3.blomqvistplantskola.com\/fi\/product\/vit-nalif-ymprismalus-domestica-kopia\/","title":{"rendered":"<b>Valkoinen Nalif <\/b>(piiskataimi)<br>Malus domestica"},"content":{"rendered":"<p>Hedelm\u00e4puun piiska-\/ kevytttaimi 4 litran taimipussissa. Piiskataimet on leikattu noin 70-80 cm korkuisiksi.<br \/>\nMukana toimitetaan lyhyet viljelyohjeet, ja jo ensi syksyn\u00e4 sinulla on pieni hedelm\u00e4puu.<\/p>","protected":false},"excerpt":{"rendered":"<p>(B\u00e9lyj nalif, Alabasterpipping). Lajike kotoisin Ven\u00e4j\u00e4lt\u00e4. Suuret munanmuotoiset hedelm\u00e4t voivat painaa jopa 200 g. V\u00e4ri t\u00e4ysin kyps\u00e4n\u00e4 vihre\u00e4nvalkoinen. Malto valkoista, pehme\u00e4\u00e4 ja mehukasta. Maku mieto, miellytt\u00e4v\u00e4n hapan ja makeahko. Hyv\u00e4 tuorehedelm\u00e4, mutta soveltuu my\u00f6s talousomenaksi. Hyv\u00e4 vaihtoehto pohjoisille paikoille, miss\u00e4 Valkea kuulas ei menesty. Identtinen Nalifnojen kanssa.<\/p>\n<p><strong>Vy\u00f6hyke: <\/strong>FI 1-5.\u00a0 SE 1-6.<br \/>\n<strong>Tyyppi: <\/strong>Kes\u00e4lajike<\/p>","protected":false},"featured_media":5029,"template":"","meta":[],"product_brand":[],"product_cat":[240],"product_tag":[],"class_list":{"0":"post-6771","1":"product","2":"type-product","3":"status-publish","4":"has-post-thumbnail","6":"product_cat-appeltrad","7":"product_shipping_class-postpaket","9":"first","10":"instock","11":"taxable","12":"shipping-taxable","13":"purchasable","14":"product-type-simple"},"_links":{"self":[{"href":"https:\/\/www3.blomqvistplantskola.com\/fi\/wp-json\/wp\/v2\/product\/6771","targetHints":{"allow":["GET"]}}],"collection":[{"href":"https:\/\/www3.blomqvistplantskola.com\/fi\/wp-json\/wp\/v2\/product"}],"about":[{"href":"https:\/\/www3.blomqvistplantskola.com\/fi\/wp-json\/wp\/v2\/types\/product"}],"wp:featuredmedia":[{"embeddable":true,"href":"https:\/\/www3.blomqvistplantskola.com\/fi\/wp-json\/wp\/v2\/media\/5029"}],"wp:attachment":[{"href":"https:\/\/www3.blomqvistplantskola.com\/fi\/wp-json\/wp\/v2\/media?parent=6771"}],"wp:term":[{"taxonomy":"product_brand","embeddable":true,"href":"https:\/\/www3.blomqvistplantskola.com\/fi\/wp-json\/wp\/v2\/product_brand?post=6771"},{"taxonomy":"product_cat","embeddable":true,"href":"https:\/\/www3.blomqvistplantskola.com\/fi\/wp-json\/wp\/v2\/product_cat?post=6771"},{"taxonomy":"product_tag","embeddable":true,"href":"https:\/\/www3.blomqvistplantskola.com\/fi\/wp-json\/wp\/v2\/product_tag?post=6771"}],"curies":[{"name":"wp","href":"https:\/\/api.w.org\/{rel}","templated":true}]}}