{"id":6775,"date":"2026-03-13T13:44:15","date_gmt":"2026-03-13T11:44:15","guid":{"rendered":"https:\/\/www3.blomqvistplantskola.com\/?post_type=product&#038;p=6775"},"modified":"2026-04-26T20:28:33","modified_gmt":"2026-04-26T18:28:33","slug":"wabiskaw-ymprismalus-domestica-kopia","status":"publish","type":"product","link":"https:\/\/www3.blomqvistplantskola.com\/fi\/product\/wabiskaw-ymprismalus-domestica-kopia\/","title":{"rendered":"<b>Wabiskaw <\/b>(piiskataimi)<br>Malus domestica"},"content":{"rendered":"<p>Hedelm\u00e4puun piiska-\/ kevytttaimi 4 litran taimipussissa. Piiskataimet on leikattu noin 70-80 cm korkuisiksi.<br \/>\nMukana toimitetaan lyhyet viljelyohjeet, ja jo ensi syksyn\u00e4 sinulla on pieni puu.<\/p>","protected":false},"excerpt":{"rendered":"<p>Kanadalainen, runsaasti kukkiva lajike, jonka lehdet roosanpunaiset. Todenn\u00e4k\u00f6isesti kest\u00e4vin punalehtisist\u00e4 koristeomenapuista. Puu on nopeakasvuinen ja kauniin muotoinen. Lehdet ovat liev\u00e4sti punavihre\u00e4t, uudet lehdet ovat punertavammat. Hedelm\u00e4t ovat kauniit, tumman karmiininpunaiset, pienet (3cm) ja l\u00e4hinn\u00e4 koristeelliset. Hedelmi\u00e4 voi kuitenkin hy\u00f6dynt\u00e4\u00e4 soseisiin ja mehuihin tuomaan punaista s\u00e4vy\u00e4 ja hapokkuutta.Voidaan l\u00e4mpim\u00e4sti suositella!<\/p>\n<p><strong>Vy\u00f6hyke: <\/strong>FI 1-4(5).\u00a0 SE 1-5\/6.<br \/>\n<strong>Tyyppi: <\/strong>Koristeomena \/ Marjaomena<\/p>","protected":false},"featured_media":6416,"template":"","meta":[],"product_brand":[],"product_cat":[240,254],"product_tag":[],"class_list":{"0":"post-6775","1":"product","2":"type-product","3":"status-publish","4":"has-post-thumbnail","6":"product_cat-appeltrad","7":"product_cat-lovtrad","8":"product_shipping_class-postpaket","10":"first","11":"instock","12":"taxable","13":"shipping-taxable","14":"purchasable","15":"product-type-simple"},"_links":{"self":[{"href":"https:\/\/www3.blomqvistplantskola.com\/fi\/wp-json\/wp\/v2\/product\/6775","targetHints":{"allow":["GET"]}}],"collection":[{"href":"https:\/\/www3.blomqvistplantskola.com\/fi\/wp-json\/wp\/v2\/product"}],"about":[{"href":"https:\/\/www3.blomqvistplantskola.com\/fi\/wp-json\/wp\/v2\/types\/product"}],"wp:featuredmedia":[{"embeddable":true,"href":"https:\/\/www3.blomqvistplantskola.com\/fi\/wp-json\/wp\/v2\/media\/6416"}],"wp:attachment":[{"href":"https:\/\/www3.blomqvistplantskola.com\/fi\/wp-json\/wp\/v2\/media?parent=6775"}],"wp:term":[{"taxonomy":"product_brand","embeddable":true,"href":"https:\/\/www3.blomqvistplantskola.com\/fi\/wp-json\/wp\/v2\/product_brand?post=6775"},{"taxonomy":"product_cat","embeddable":true,"href":"https:\/\/www3.blomqvistplantskola.com\/fi\/wp-json\/wp\/v2\/product_cat?post=6775"},{"taxonomy":"product_tag","embeddable":true,"href":"https:\/\/www3.blomqvistplantskola.com\/fi\/wp-json\/wp\/v2\/product_tag?post=6775"}],"curies":[{"name":"wp","href":"https:\/\/api.w.org\/{rel}","templated":true}]}}