{"id":6780,"date":"2026-03-13T13:46:50","date_gmt":"2026-03-13T11:46:50","guid":{"rendered":"https:\/\/www3.blomqvistplantskola.com\/?post_type=product&#038;p=6780"},"modified":"2026-04-03T18:41:18","modified_gmt":"2026-04-03T16:41:18","slug":"savstaholm-ymprismalus-domestica-kopia","status":"publish","type":"product","link":"https:\/\/www3.blomqvistplantskola.com\/fi\/product\/savstaholm-ymprismalus-domestica-kopia\/","title":{"rendered":"<b>S\u00e4vstaholm <\/b>(piiskataimi)<br>Malus domestica"},"content":{"rendered":"<p>Hedelm\u00e4puun piiska-\/ kevytttaimi 4 litran taimipussissa. Piiskataimet on leikattu noin 70-80 cm korkuisiksi.<br \/>\nMukana toimitetaan lyhyet viljelyohjeet, ja jo ensi syksyn\u00e4 sinulla on pieni hedelm\u00e4puu.<\/p>","protected":false},"excerpt":{"rendered":"<p>Ruotsista, S\u00e4fstaholmin taimistolta per\u00e4isin oleva lajike. Siemenlis\u00e4ys vuodelta 1830. Tunnettu hedelm\u00e4, jolla on ruusunpunaisia viiruja keltavihre\u00e4ll\u00e4 pohjalla. Keskikokoinen, hieman pitkulainen hedelm\u00e4. Malto on hienoa, valkoista, maukasta ja eritt\u00e4in mehukasta. Voimakaskasvuinen puu. Hyv\u00e4 p\u00f6lytt\u00e4j\u00e4.<\/p>\n<p><strong>Vy\u00f6hyke: <\/strong>FI 1-4.\u00a0 SE 1-6.<br \/>\n<strong>Tyyppi: <\/strong>Kes\u00e4lajike<\/p>","protected":false},"featured_media":6082,"template":"","meta":[],"product_brand":[],"product_cat":[240],"product_tag":[],"class_list":{"0":"post-6780","1":"product","2":"type-product","3":"status-publish","4":"has-post-thumbnail","6":"product_cat-appeltrad","7":"product_shipping_class-postpaket","9":"first","10":"instock","11":"taxable","12":"shipping-taxable","13":"purchasable","14":"product-type-simple"},"_links":{"self":[{"href":"https:\/\/www3.blomqvistplantskola.com\/fi\/wp-json\/wp\/v2\/product\/6780","targetHints":{"allow":["GET"]}}],"collection":[{"href":"https:\/\/www3.blomqvistplantskola.com\/fi\/wp-json\/wp\/v2\/product"}],"about":[{"href":"https:\/\/www3.blomqvistplantskola.com\/fi\/wp-json\/wp\/v2\/types\/product"}],"wp:featuredmedia":[{"embeddable":true,"href":"https:\/\/www3.blomqvistplantskola.com\/fi\/wp-json\/wp\/v2\/media\/6082"}],"wp:attachment":[{"href":"https:\/\/www3.blomqvistplantskola.com\/fi\/wp-json\/wp\/v2\/media?parent=6780"}],"wp:term":[{"taxonomy":"product_brand","embeddable":true,"href":"https:\/\/www3.blomqvistplantskola.com\/fi\/wp-json\/wp\/v2\/product_brand?post=6780"},{"taxonomy":"product_cat","embeddable":true,"href":"https:\/\/www3.blomqvistplantskola.com\/fi\/wp-json\/wp\/v2\/product_cat?post=6780"},{"taxonomy":"product_tag","embeddable":true,"href":"https:\/\/www3.blomqvistplantskola.com\/fi\/wp-json\/wp\/v2\/product_tag?post=6780"}],"curies":[{"name":"wp","href":"https:\/\/api.w.org\/{rel}","templated":true}]}}