{"id":6783,"date":"2025-03-10T18:06:31","date_gmt":"2025-03-10T16:06:31","guid":{"rendered":"https:\/\/www3.blomqvistplantskola.com\/?post_type=product&#038;p=6783"},"modified":"2026-04-23T19:24:45","modified_gmt":"2026-04-23T17:24:45","slug":"solnychko-ymprismalus-domestica-kopia","status":"publish","type":"product","link":"https:\/\/www3.blomqvistplantskola.com\/fi\/product\/solnychko-ymprismalus-domestica-kopia\/","title":{"rendered":"<b>Solnychko <\/b>(piiskataimi)<br>Malus domestica"},"content":{"rendered":"<p>Hedelm\u00e4puun piiska-\/ kevytttaimi 4 litran taimipussissa. Piiskataimet on leikattu noin 70-80 cm korkuisiksi.<br \/>\nMukana toimitetaan lyhyet viljelyohjeet, ja jo ensi syksyn\u00e4 sinulla on pieni hedelm\u00e4puu.<\/p>","protected":false},"excerpt":{"rendered":"<p>Rupiresistenssi lajike Oriolista, Ven\u00e4j\u00e4lt\u00e4, vuodelta 1993. Ven\u00e4j\u00e4n lajikerekisteriin lajike otettiin vuonna 2001. Menestynyt eritt\u00e4in hyvin Pohjois-Savon koetarhoissa. Hedelm\u00e4 on kooltaan 130\u2013160 g. Pohjav\u00e4ri on vihre\u00e4nkeltainen ja vadelmanpunal\u00e4isk\u00e4inen peitev\u00e4ri peitt\u00e4\u00e4 l\u00e4hes koko hedelm\u00e4\u00e4. Malto on vaaleaa, tiivist\u00e4, hienorakeista ja erinomaisen mehukasta. Hedelm\u00e4t s\u00e4ilyv\u00e4t jouluun saakka. Maultaan kyps\u00e4n\u00e4 herkullinen, sopivasti happoinen ja makea, miedosti arominen. Puu tulee nuorena satoik\u00e4\u00e4n ja on my\u00f6hemmin hyvinkin runsassatoinen. Puu on keskikokoinen ja latvus s\u00e4\u00e4nn\u00f6llisen py\u00f6re\u00e4. Lajike ei sairastu omenarupeen, koska se sis\u00e4lt\u00e4\u00e4 Vf-geenin ja on muutoinkin hyvin terve. Koeviljelyss\u00e4 taimistollamme.<\/p>\n<p><strong>Vy\u00f6hyke: <\/strong>FI 1-4.\u00a0 SE 1-5\/6.<br \/>\n<strong>Tyyppi: <\/strong>Talvilajike<\/p>","protected":false},"featured_media":5050,"template":"","meta":[],"product_brand":[],"product_cat":[240],"product_tag":[],"class_list":{"0":"post-6783","1":"product","2":"type-product","3":"status-publish","4":"has-post-thumbnail","6":"product_cat-appeltrad","7":"product_shipping_class-postpaket","9":"first","10":"instock","11":"taxable","12":"shipping-taxable","13":"purchasable","14":"product-type-simple"},"_links":{"self":[{"href":"https:\/\/www3.blomqvistplantskola.com\/fi\/wp-json\/wp\/v2\/product\/6783","targetHints":{"allow":["GET"]}}],"collection":[{"href":"https:\/\/www3.blomqvistplantskola.com\/fi\/wp-json\/wp\/v2\/product"}],"about":[{"href":"https:\/\/www3.blomqvistplantskola.com\/fi\/wp-json\/wp\/v2\/types\/product"}],"wp:featuredmedia":[{"embeddable":true,"href":"https:\/\/www3.blomqvistplantskola.com\/fi\/wp-json\/wp\/v2\/media\/5050"}],"wp:attachment":[{"href":"https:\/\/www3.blomqvistplantskola.com\/fi\/wp-json\/wp\/v2\/media?parent=6783"}],"wp:term":[{"taxonomy":"product_brand","embeddable":true,"href":"https:\/\/www3.blomqvistplantskola.com\/fi\/wp-json\/wp\/v2\/product_brand?post=6783"},{"taxonomy":"product_cat","embeddable":true,"href":"https:\/\/www3.blomqvistplantskola.com\/fi\/wp-json\/wp\/v2\/product_cat?post=6783"},{"taxonomy":"product_tag","embeddable":true,"href":"https:\/\/www3.blomqvistplantskola.com\/fi\/wp-json\/wp\/v2\/product_tag?post=6783"}],"curies":[{"name":"wp","href":"https:\/\/api.w.org\/{rel}","templated":true}]}}