{"id":6787,"date":"2026-03-13T13:46:50","date_gmt":"2026-03-13T11:46:50","guid":{"rendered":"https:\/\/www3.blomqvistplantskola.com\/?post_type=product&#038;p=6787"},"modified":"2026-04-25T11:07:47","modified_gmt":"2026-04-25T09:07:47","slug":"salla-ymprismalus-domestica-kopia","status":"publish","type":"product","link":"https:\/\/www3.blomqvistplantskola.com\/fi\/product\/salla-ymprismalus-domestica-kopia\/","title":{"rendered":"<b>Salla <\/b>(piiskataimi)<br>Malus domestica"},"content":{"rendered":"<p>Hedelm\u00e4puun piiska-\/ kevytttaimi 4 litran taimipussissa. Piiskataimet on leikattu noin 70-80 cm korkuisiksi.<br \/>\nMukana toimitetaan lyhyet viljelyohjeet, ja jo ensi syksyn\u00e4 sinulla on pieni hedelm\u00e4puu.<\/p>","protected":false},"excerpt":{"rendered":"<p>Valkoisin kukin kukkiva koristeomena\/omenapuu, joka on per\u00e4isin Virosta. Eritt\u00e4in kaunis, runsaasti kukkiva kes\u00e4lajike, joka on sek\u00e4 hy\u00f6dyllinen ett\u00e4 ilo silm\u00e4lle. Pienet hedelm\u00e4t ovat v\u00e4rilt\u00e4\u00e4n tummankeltaisia, auringon puolelta hieman ruusunpunertavia. Maultaan miellytt\u00e4v\u00e4n makea, hieman viinihappoinen. Omenat sopivat naposteluun, mutta ovat eritt\u00e4in k\u00e4ytt\u00f6kelpoisia my\u00f6s s\u00e4il\u00f6nt\u00e4\u00e4n ja korkealaatuiseen soseeseen. Puun kasvutapa on s\u00e4\u00e4nn\u00f6llinen, kauniit keltapunaiset hedelm\u00e4t pysyv\u00e4t puussa l\u00e4pi talven. Voidaan suositella l\u00e4mpim\u00e4sti!<\/p>\n<p><strong>Vy\u00f6hyke: <\/strong>FI 1-4\/5.\u00a0 SE 1-6.<br \/>\n<strong>Tyyppi: <\/strong>Koristeomena \/ Marjaomena<\/p>","protected":false},"featured_media":6075,"template":"","meta":[],"product_brand":[],"product_cat":[240],"product_tag":[],"class_list":{"0":"post-6787","1":"product","2":"type-product","3":"status-publish","4":"has-post-thumbnail","6":"product_cat-appeltrad","7":"product_shipping_class-postpaket","9":"first","10":"instock","11":"taxable","12":"shipping-taxable","13":"purchasable","14":"product-type-simple"},"_links":{"self":[{"href":"https:\/\/www3.blomqvistplantskola.com\/fi\/wp-json\/wp\/v2\/product\/6787","targetHints":{"allow":["GET"]}}],"collection":[{"href":"https:\/\/www3.blomqvistplantskola.com\/fi\/wp-json\/wp\/v2\/product"}],"about":[{"href":"https:\/\/www3.blomqvistplantskola.com\/fi\/wp-json\/wp\/v2\/types\/product"}],"wp:featuredmedia":[{"embeddable":true,"href":"https:\/\/www3.blomqvistplantskola.com\/fi\/wp-json\/wp\/v2\/media\/6075"}],"wp:attachment":[{"href":"https:\/\/www3.blomqvistplantskola.com\/fi\/wp-json\/wp\/v2\/media?parent=6787"}],"wp:term":[{"taxonomy":"product_brand","embeddable":true,"href":"https:\/\/www3.blomqvistplantskola.com\/fi\/wp-json\/wp\/v2\/product_brand?post=6787"},{"taxonomy":"product_cat","embeddable":true,"href":"https:\/\/www3.blomqvistplantskola.com\/fi\/wp-json\/wp\/v2\/product_cat?post=6787"},{"taxonomy":"product_tag","embeddable":true,"href":"https:\/\/www3.blomqvistplantskola.com\/fi\/wp-json\/wp\/v2\/product_tag?post=6787"}],"curies":[{"name":"wp","href":"https:\/\/api.w.org\/{rel}","templated":true}]}}