{"id":6788,"date":"2026-03-13T13:44:51","date_gmt":"2026-03-13T11:44:51","guid":{"rendered":"https:\/\/www3.blomqvistplantskola.com\/?post_type=product&#038;p=6788"},"modified":"2026-04-20T11:56:34","modified_gmt":"2026-04-20T09:56:34","slug":"rodluvan-ymprismalus-domestica-kopia","status":"publish","type":"product","link":"https:\/\/www3.blomqvistplantskola.com\/fi\/product\/rodluvan-ymprismalus-domestica-kopia\/","title":{"rendered":"<b>Punahilkka <\/b>(piiskataimi)<br>Malus domestica ("},"content":{"rendered":"<p>Hedelm\u00e4puun piiska-\/ kevytttaimi 4 litran taimipussissa. Piiskataimet on leikattu noin 70-80 cm korkuisiksi.<br \/>\nMukana toimitetaan lyhyet viljelyohjeet, ja jo ensi syksyn\u00e4 sinulla on pieni hedelm\u00e4puu.<\/p>","protected":false},"excerpt":{"rendered":"<p>Loboa muistuttava uusi ruotsalainen lajike vuodelta 1994. Intensiivisen tummanpunainen hedelm\u00e4 on keskikokoinen-suuri ja mehukas. Maultaan eritt\u00e4in aromaattinen. Hedelm\u00e4 on parhaimmillaan ennen varastointia. Kotipuutarhaan sopiva pieni puu, jollla vahva kasvutapa ja hyv\u00e4t oksakulmat.  Antaa jo nuorena satoa. Ihanan kauniit hedelm\u00e4t!<\/p>\n<p><strong>Vy\u00f6hyke: <\/strong>FI 1-4(5).\u00a0 SE 1-5\/6.<br \/>\n<strong>Tyyppi: <\/strong>Syksylajike<\/p>","protected":false},"featured_media":6071,"template":"","meta":[],"product_brand":[],"product_cat":[240],"product_tag":[],"class_list":{"0":"post-6788","1":"product","2":"type-product","3":"status-publish","4":"has-post-thumbnail","6":"product_cat-appeltrad","7":"product_shipping_class-postpaket","9":"first","10":"instock","11":"taxable","12":"shipping-taxable","13":"purchasable","14":"product-type-simple"},"_links":{"self":[{"href":"https:\/\/www3.blomqvistplantskola.com\/fi\/wp-json\/wp\/v2\/product\/6788","targetHints":{"allow":["GET"]}}],"collection":[{"href":"https:\/\/www3.blomqvistplantskola.com\/fi\/wp-json\/wp\/v2\/product"}],"about":[{"href":"https:\/\/www3.blomqvistplantskola.com\/fi\/wp-json\/wp\/v2\/types\/product"}],"wp:featuredmedia":[{"embeddable":true,"href":"https:\/\/www3.blomqvistplantskola.com\/fi\/wp-json\/wp\/v2\/media\/6071"}],"wp:attachment":[{"href":"https:\/\/www3.blomqvistplantskola.com\/fi\/wp-json\/wp\/v2\/media?parent=6788"}],"wp:term":[{"taxonomy":"product_brand","embeddable":true,"href":"https:\/\/www3.blomqvistplantskola.com\/fi\/wp-json\/wp\/v2\/product_brand?post=6788"},{"taxonomy":"product_cat","embeddable":true,"href":"https:\/\/www3.blomqvistplantskola.com\/fi\/wp-json\/wp\/v2\/product_cat?post=6788"},{"taxonomy":"product_tag","embeddable":true,"href":"https:\/\/www3.blomqvistplantskola.com\/fi\/wp-json\/wp\/v2\/product_tag?post=6788"}],"curies":[{"name":"wp","href":"https:\/\/api.w.org\/{rel}","templated":true}]}}