{"id":6789,"date":"2026-03-13T13:44:51","date_gmt":"2026-03-13T11:44:51","guid":{"rendered":"https:\/\/www3.blomqvistplantskola.com\/?post_type=product&#038;p=6789"},"modified":"2026-03-13T13:44:51","modified_gmt":"2026-03-13T11:44:51","slug":"rod-kanel-ymprismalus-domestica-kopia","status":"publish","type":"product","link":"https:\/\/www3.blomqvistplantskola.com\/fi\/product\/rod-kanel-ymprismalus-domestica-kopia\/","title":{"rendered":"<b>Punakaneli <\/b>(piiskataimi)<br>Malus domestica"},"content":{"rendered":"<p>Hedelm\u00e4puun piiska-\/ kevytttaimi 4 litran taimipussissa. Piiskataimet on leikattu noin 70-80 cm korkuisiksi.<br \/>\nMukana toimitetaan lyhyet viljelyohjeet, ja jo ensi syksyn\u00e4 sinulla on pieni hedelm\u00e4puu.<\/p>","protected":false},"excerpt":{"rendered":"<p>Kanelilajikkeista tavallisin. Saapui Suomeen Ven\u00e4j\u00e4lt\u00e4 1896. Keskikokoinen, melkein t\u00e4ysin punainen, mehukas, miedosti hapahko ja voimakkaasti kanelinmakuinen hedelm\u00e4 sopii hyvin herkkuomenaksi ja soseeksi. Puu kasvaa kanelilajikkeille tyypillisesti voimakkaasti, lehv\u00e4st\u00f6 harva. Hyv\u00e4 p\u00f6lytt\u00e4j\u00e4. Antaa ensimm\u00e4isen satonsa 5-8 vuoden kuluttua istuttamisesta.<\/p>\n<p><strong>Vy\u00f6hyke: <\/strong>FI 1-5.\u00a0 SE 1-6.<br \/>\n<strong>Tyyppi: <\/strong>Syksylajike<\/p>","protected":false},"featured_media":6070,"template":"","meta":[],"product_brand":[],"product_cat":[240],"product_tag":[],"class_list":{"0":"post-6789","1":"product","2":"type-product","3":"status-publish","4":"has-post-thumbnail","6":"product_cat-appeltrad","7":"product_shipping_class-postpaket","9":"first","10":"instock","11":"taxable","12":"shipping-taxable","13":"purchasable","14":"product-type-simple"},"_links":{"self":[{"href":"https:\/\/www3.blomqvistplantskola.com\/fi\/wp-json\/wp\/v2\/product\/6789","targetHints":{"allow":["GET"]}}],"collection":[{"href":"https:\/\/www3.blomqvistplantskola.com\/fi\/wp-json\/wp\/v2\/product"}],"about":[{"href":"https:\/\/www3.blomqvistplantskola.com\/fi\/wp-json\/wp\/v2\/types\/product"}],"wp:featuredmedia":[{"embeddable":true,"href":"https:\/\/www3.blomqvistplantskola.com\/fi\/wp-json\/wp\/v2\/media\/6070"}],"wp:attachment":[{"href":"https:\/\/www3.blomqvistplantskola.com\/fi\/wp-json\/wp\/v2\/media?parent=6789"}],"wp:term":[{"taxonomy":"product_brand","embeddable":true,"href":"https:\/\/www3.blomqvistplantskola.com\/fi\/wp-json\/wp\/v2\/product_brand?post=6789"},{"taxonomy":"product_cat","embeddable":true,"href":"https:\/\/www3.blomqvistplantskola.com\/fi\/wp-json\/wp\/v2\/product_cat?post=6789"},{"taxonomy":"product_tag","embeddable":true,"href":"https:\/\/www3.blomqvistplantskola.com\/fi\/wp-json\/wp\/v2\/product_tag?post=6789"}],"curies":[{"name":"wp","href":"https:\/\/api.w.org\/{rel}","templated":true}]}}