{"id":6790,"date":"2026-03-13T14:17:24","date_gmt":"2026-03-13T12:17:24","guid":{"rendered":"https:\/\/www3.blomqvistplantskola.com\/?post_type=product&#038;p=6790"},"modified":"2026-04-24T09:43:38","modified_gmt":"2026-04-24T07:43:38","slug":"royalthy-ymprismalus-domestica-kopia","status":"publish","type":"product","link":"https:\/\/www3.blomqvistplantskola.com\/fi\/product\/royalthy-ymprismalus-domestica-kopia\/","title":{"rendered":"<b>Royalthy <\/b>(piiskataimi)<br>Malus domestica"},"content":{"rendered":"<p>Hedelm\u00e4puun piiska-\/ kevytttaimi 4 litran taimipussissa. Piiskataimet on leikattu noin 70-80 cm korkuisiksi.<br \/>\nMukana toimitetaan lyhyet viljelyohjeet, ja jo ensi syksyn\u00e4 sinulla on pieni puu.<\/p>","protected":false},"excerpt":{"rendered":"<p>Hyvin tummanpunaisin kukin kukkiva koristeomenapuu. Lehdet ovat kauniin punertavat koko kauden ajan, mik\u00e4 tarjoaa mukavaa vaihtelua kes\u00e4n vihreyden keskelle. Todenn\u00e4k\u00f6isesti tummin kaikista koristeomenapuista. Pienet, tummanpunaiset hedelm\u00e4t ovat my\u00f6h\u00e4\u00e4n syksyll\u00e4 koristeellinen n\u00e4ky.<\/p>\n<p><strong>Vy\u00f6hyke: <\/strong>FI 1-4.\u00a0 SE 1-5.<br \/>\n<strong>Tyyppi: <\/strong>Koristeomena \/ Marjaomena<\/p>","protected":false},"featured_media":6451,"template":"","meta":[],"product_brand":[],"product_cat":[240,254],"product_tag":[],"class_list":{"0":"post-6790","1":"product","2":"type-product","3":"status-publish","4":"has-post-thumbnail","6":"product_cat-appeltrad","7":"product_cat-lovtrad","8":"product_shipping_class-postpaket","10":"first","11":"instock","12":"taxable","13":"shipping-taxable","14":"purchasable","15":"product-type-simple"},"_links":{"self":[{"href":"https:\/\/www3.blomqvistplantskola.com\/fi\/wp-json\/wp\/v2\/product\/6790","targetHints":{"allow":["GET"]}}],"collection":[{"href":"https:\/\/www3.blomqvistplantskola.com\/fi\/wp-json\/wp\/v2\/product"}],"about":[{"href":"https:\/\/www3.blomqvistplantskola.com\/fi\/wp-json\/wp\/v2\/types\/product"}],"wp:featuredmedia":[{"embeddable":true,"href":"https:\/\/www3.blomqvistplantskola.com\/fi\/wp-json\/wp\/v2\/media\/6451"}],"wp:attachment":[{"href":"https:\/\/www3.blomqvistplantskola.com\/fi\/wp-json\/wp\/v2\/media?parent=6790"}],"wp:term":[{"taxonomy":"product_brand","embeddable":true,"href":"https:\/\/www3.blomqvistplantskola.com\/fi\/wp-json\/wp\/v2\/product_brand?post=6790"},{"taxonomy":"product_cat","embeddable":true,"href":"https:\/\/www3.blomqvistplantskola.com\/fi\/wp-json\/wp\/v2\/product_cat?post=6790"},{"taxonomy":"product_tag","embeddable":true,"href":"https:\/\/www3.blomqvistplantskola.com\/fi\/wp-json\/wp\/v2\/product_tag?post=6790"}],"curies":[{"name":"wp","href":"https:\/\/api.w.org\/{rel}","templated":true}]}}