{"id":6793,"date":"2026-03-13T13:46:50","date_gmt":"2026-03-13T11:46:50","guid":{"rendered":"https:\/\/www3.blomqvistplantskola.com\/?post_type=product&#038;p=6793"},"modified":"2026-03-19T13:29:18","modified_gmt":"2026-03-19T11:29:18","slug":"railamo-ymprismalus-domestica-kopia","status":"publish","type":"product","link":"https:\/\/www3.blomqvistplantskola.com\/fi\/product\/railamo-ymprismalus-domestica-kopia\/","title":{"rendered":"<b>Railamo <\/b>(piiskataimi)<br>Malus domestica"},"content":{"rendered":"<p>Hedelm\u00e4puun piiska-\/ kevytttaimi 4 litran taimipussissa. Piiskataimet on leikattu noin 70-80 cm korkuisiksi.<br \/>\nMukana toimitetaan lyhyet viljelyohjeet, ja jo ensi syksyn\u00e4 sinulla on pieni hedelm\u00e4puu.<\/p>","protected":false},"excerpt":{"rendered":"<p>Talvilajike, jolla on suuria, kauniita ja hieman ep\u00e4s\u00e4\u00e4nn\u00f6llisen muotoisia hedelmi\u00e4. Maku on raikkaan kirpe\u00e4, mukana jonkin verran makeutta, vahva aromi. Sy\u00f6t\u00e4v\u00e4n kyps\u00e4 muutaman viikon varastoinnin j\u00e4lkeen. Loistava sek\u00e4 talous- ett\u00e4 p\u00f6yt\u00e4omenaksi. Hyv\u00e4 vaihtoehto kylmemp\u00e4\u00e4n ilmastoon talvilajikkeiden \u00c5ker\u00f6n, Aroman ja Lobon sijaan.<\/p>\n<p><strong>Vy\u00f6hyke: <\/strong>FI 1-5.\u00a0 SE 1-6\/7.<br \/>\n<strong>Tyyppi: <\/strong>Talvilajike<\/p>","protected":false},"featured_media":6062,"template":"","meta":[],"product_brand":[],"product_cat":[240],"product_tag":[],"class_list":{"0":"post-6793","1":"product","2":"type-product","3":"status-publish","4":"has-post-thumbnail","6":"product_cat-appeltrad","7":"product_shipping_class-postpaket","9":"first","10":"instock","11":"taxable","12":"shipping-taxable","13":"purchasable","14":"product-type-simple"},"_links":{"self":[{"href":"https:\/\/www3.blomqvistplantskola.com\/fi\/wp-json\/wp\/v2\/product\/6793","targetHints":{"allow":["GET"]}}],"collection":[{"href":"https:\/\/www3.blomqvistplantskola.com\/fi\/wp-json\/wp\/v2\/product"}],"about":[{"href":"https:\/\/www3.blomqvistplantskola.com\/fi\/wp-json\/wp\/v2\/types\/product"}],"wp:featuredmedia":[{"embeddable":true,"href":"https:\/\/www3.blomqvistplantskola.com\/fi\/wp-json\/wp\/v2\/media\/6062"}],"wp:attachment":[{"href":"https:\/\/www3.blomqvistplantskola.com\/fi\/wp-json\/wp\/v2\/media?parent=6793"}],"wp:term":[{"taxonomy":"product_brand","embeddable":true,"href":"https:\/\/www3.blomqvistplantskola.com\/fi\/wp-json\/wp\/v2\/product_brand?post=6793"},{"taxonomy":"product_cat","embeddable":true,"href":"https:\/\/www3.blomqvistplantskola.com\/fi\/wp-json\/wp\/v2\/product_cat?post=6793"},{"taxonomy":"product_tag","embeddable":true,"href":"https:\/\/www3.blomqvistplantskola.com\/fi\/wp-json\/wp\/v2\/product_tag?post=6793"}],"curies":[{"name":"wp","href":"https:\/\/api.w.org\/{rel}","templated":true}]}}