{"id":6794,"date":"2026-03-13T13:44:52","date_gmt":"2026-03-13T11:44:52","guid":{"rendered":"https:\/\/www3.blomqvistplantskola.com\/?post_type=product&#038;p=6794"},"modified":"2026-04-24T18:07:08","modified_gmt":"2026-04-24T16:07:08","slug":"esters-paronapple-ymprismalus-domestica-kopia","status":"publish","type":"product","link":"https:\/\/www3.blomqvistplantskola.com\/fi\/product\/esters-paronapple-ymprismalus-domestica-kopia\/","title":{"rendered":"<b>Esterin p\u00e4\u00e4ryn\u00e4omena <\/b>(piiskataimi)<br>Malus domestica"},"content":{"rendered":"<p>Hedelm\u00e4puun piiska-\/ kevytttaimi 4 litran taimipussissa. Piiskataimet on leikattu noin 70-80 cm korkuisiksi.<br \/>\nMukana toimitetaan lyhyet viljelyohjeet, ja jo ensi syksyn\u00e4 sinulla on pieni hedelm\u00e4puu.<\/p>","protected":false},"excerpt":{"rendered":"<p>Kyyj\u00e4rvelt\u00e4 l\u00f6ydetty my\u00f6h\u00e4inen kes\u00e4lajike \/ aikainen syyslajike. Pienet, mutta aivan ihanat hedelm\u00e4t, joissa on miellytt\u00e4v\u00e4, suloinen p\u00e4\u00e4ryn\u00e4n maku. Hedelm\u00e4liha on mehukkaan makeaa, mukana hiukan hapokkuutta. Yksi parhaista lajikkeista ja lasten suosikki. Runsassatoinen ja kest\u00e4v\u00e4 puu, josta ajan mittaan tulee suuri. Hedelm\u00e4t on hyv\u00e4 poimia, niiden kypsytty\u00e4, jotta ne eiv\u00e4t putoile maahan. Herkkuomena, joita voi ker\u00e4t\u00e4 monta taskuun ja sy\u00f6d\u00e4, kuin karamelleja. (Sama lajike, kuin L\u00e5ngsj\u00f6n p\u00e4\u00e4ryn\u00e4omena ja Korobovka?)<\/p>\n<p><strong>Vy\u00f6hyke: <\/strong>FI 1-5\/6.\u00a0 SE 1-6\/7.<br \/>\n<strong>Tyyppi: <\/strong>Syksylajike<\/p>","protected":false},"featured_media":5998,"template":"","meta":[],"product_brand":[],"product_cat":[240],"product_tag":[],"class_list":{"0":"post-6794","1":"product","2":"type-product","3":"status-publish","4":"has-post-thumbnail","6":"product_cat-appeltrad","7":"product_shipping_class-postpaket","9":"first","10":"instock","11":"taxable","12":"shipping-taxable","13":"purchasable","14":"product-type-simple"},"_links":{"self":[{"href":"https:\/\/www3.blomqvistplantskola.com\/fi\/wp-json\/wp\/v2\/product\/6794","targetHints":{"allow":["GET"]}}],"collection":[{"href":"https:\/\/www3.blomqvistplantskola.com\/fi\/wp-json\/wp\/v2\/product"}],"about":[{"href":"https:\/\/www3.blomqvistplantskola.com\/fi\/wp-json\/wp\/v2\/types\/product"}],"wp:featuredmedia":[{"embeddable":true,"href":"https:\/\/www3.blomqvistplantskola.com\/fi\/wp-json\/wp\/v2\/media\/5998"}],"wp:attachment":[{"href":"https:\/\/www3.blomqvistplantskola.com\/fi\/wp-json\/wp\/v2\/media?parent=6794"}],"wp:term":[{"taxonomy":"product_brand","embeddable":true,"href":"https:\/\/www3.blomqvistplantskola.com\/fi\/wp-json\/wp\/v2\/product_brand?post=6794"},{"taxonomy":"product_cat","embeddable":true,"href":"https:\/\/www3.blomqvistplantskola.com\/fi\/wp-json\/wp\/v2\/product_cat?post=6794"},{"taxonomy":"product_tag","embeddable":true,"href":"https:\/\/www3.blomqvistplantskola.com\/fi\/wp-json\/wp\/v2\/product_tag?post=6794"}],"curies":[{"name":"wp","href":"https:\/\/api.w.org\/{rel}","templated":true}]}}