{"id":6804,"date":"2026-03-13T13:44:52","date_gmt":"2026-03-13T11:44:52","guid":{"rendered":"https:\/\/www3.blomqvistplantskola.com\/?post_type=product&#038;p=6804"},"modified":"2026-04-04T12:59:43","modified_gmt":"2026-04-04T10:59:43","slug":"lepas-melon-ymprismalus-domestica-kopia","status":"publish","type":"product","link":"https:\/\/www3.blomqvistplantskola.com\/fi\/product\/lepas-melon-ymprismalus-domestica-kopia\/","title":{"rendered":"<b>Lepaan meloni <\/b>(piiskataimi)<br>Malus domestica"},"content":{"rendered":"<p>Hedelm\u00e4puun piiska-\/ kevytttaimi 4 litran taimipussissa. Piiskataimet on leikattu noin 70-80 cm korkuisiksi.<br \/>\nMukana toimitetaan lyhyet viljelyohjeet, ja jo ensi syksyn\u00e4 sinulla on pieni hedelm\u00e4puu.<\/p>","protected":false},"excerpt":{"rendered":"<p>Hyvin kest\u00e4v\u00e4 suomalainen lajike 1830-luvulta. Hedelm\u00e4 on keskikokoinen, litte\u00e4npy\u00f6re\u00e4, mehukas ja hyvin makea. Kuori on ohut, kiilt\u00e4v\u00e4 ja hiukan vahamainen. Joskus omenasta voi tulla mehukkaan l\u00e4pin\u00e4kyv\u00e4. Malto on pehme\u00e4, sile\u00e4\u00e4, mehukasta ja makeaa, mukana h\u00e4iv\u00e4hdys melonin aromia. Ei viinihappoisuutta, mutta korkea C-vitamiinipitoisuus. Kypsyy syyskuun alussa, ja voidaan varastoida 3-4 viikkoa. Voimakaskasvuinen, mutta silti suhteellisen pieni puu. Hyv\u00e4t oksakulmat. Viihtyy suhteellisen hyvin savimaassa. Usein kuluu 5-7 vuotta ennen ensimm\u00e4ist\u00e4 satoa. Erinomainen p\u00f6lytt\u00e4j\u00e4. Talvenkesto hyv\u00e4!<\/p>\n<p><strong>Vy\u00f6hyke: <\/strong>FI 1-5(6).\u00a0 SE 1-6\/7.<br \/>\n<strong>Tyyppi: <\/strong>Kes\u00e4lajike<\/p>","protected":false},"featured_media":6038,"template":"","meta":[],"product_brand":[],"product_cat":[240],"product_tag":[],"class_list":{"0":"post-6804","1":"product","2":"type-product","3":"status-publish","4":"has-post-thumbnail","6":"product_cat-appeltrad","7":"product_shipping_class-postpaket","9":"first","10":"instock","11":"taxable","12":"shipping-taxable","13":"purchasable","14":"product-type-simple"},"_links":{"self":[{"href":"https:\/\/www3.blomqvistplantskola.com\/fi\/wp-json\/wp\/v2\/product\/6804","targetHints":{"allow":["GET"]}}],"collection":[{"href":"https:\/\/www3.blomqvistplantskola.com\/fi\/wp-json\/wp\/v2\/product"}],"about":[{"href":"https:\/\/www3.blomqvistplantskola.com\/fi\/wp-json\/wp\/v2\/types\/product"}],"wp:featuredmedia":[{"embeddable":true,"href":"https:\/\/www3.blomqvistplantskola.com\/fi\/wp-json\/wp\/v2\/media\/6038"}],"wp:attachment":[{"href":"https:\/\/www3.blomqvistplantskola.com\/fi\/wp-json\/wp\/v2\/media?parent=6804"}],"wp:term":[{"taxonomy":"product_brand","embeddable":true,"href":"https:\/\/www3.blomqvistplantskola.com\/fi\/wp-json\/wp\/v2\/product_brand?post=6804"},{"taxonomy":"product_cat","embeddable":true,"href":"https:\/\/www3.blomqvistplantskola.com\/fi\/wp-json\/wp\/v2\/product_cat?post=6804"},{"taxonomy":"product_tag","embeddable":true,"href":"https:\/\/www3.blomqvistplantskola.com\/fi\/wp-json\/wp\/v2\/product_tag?post=6804"}],"curies":[{"name":"wp","href":"https:\/\/api.w.org\/{rel}","templated":true}]}}