{"id":6805,"date":"2026-03-13T13:44:52","date_gmt":"2026-03-13T11:44:52","guid":{"rendered":"https:\/\/www3.blomqvistplantskola.com\/?post_type=product&#038;p=6805"},"modified":"2026-03-13T13:44:52","modified_gmt":"2026-03-13T11:44:52","slug":"konsta-ymprismalus-domestica-kopia","status":"publish","type":"product","link":"https:\/\/www3.blomqvistplantskola.com\/fi\/product\/konsta-ymprismalus-domestica-kopia\/","title":{"rendered":"<b>Konsta <\/b>(piiskataimi)<br>Malus domestica"},"content":{"rendered":"<p>Hedelm\u00e4puun piiska-\/ kevytttaimi 4 litran taimipussissa. Piiskataimet on leikattu noin 70-80 cm korkuisiksi.<br \/>\nMukana toimitetaan lyhyet viljelyohjeet, ja jo ensi syksyn\u00e4 sinulla on pieni hedelm\u00e4puu.<\/p>","protected":false},"excerpt":{"rendered":"<p>Suomalainen risteytys (Lobo x Antonovka) Piikki\u00f6st\u00e4 vuodelta 1966. Kohtalaisen iso ja melkein t\u00e4ysin punainen hedelm\u00e4. Malto on valkoista ja kiinte\u00e4\u00e4. Miellytt\u00e4v\u00e4n hapahko ja aromaattinen maku. Maltillisen kokoinen puu, jolla leve\u00e4 latvusto. Terve lajike sek\u00e4 talousk\u00e4ytt\u00f6\u00f6n, ett\u00e4 sy\u00f6ntihedelm\u00e4ksi muutaman viikon varastoinnin j\u00e4lkeen.<\/p>\n<p><strong>Vy\u00f6hyke: <\/strong>FI 1-4.\u00a0 SE 1-5.<br \/>\n<strong>Tyyppi: <\/strong>Talvilajike<\/p>","protected":false},"featured_media":5076,"template":"","meta":[],"product_brand":[],"product_cat":[240],"product_tag":[],"class_list":{"0":"post-6805","1":"product","2":"type-product","3":"status-publish","4":"has-post-thumbnail","6":"product_cat-appeltrad","7":"product_shipping_class-postpaket","9":"first","10":"instock","11":"taxable","12":"shipping-taxable","13":"purchasable","14":"product-type-simple"},"_links":{"self":[{"href":"https:\/\/www3.blomqvistplantskola.com\/fi\/wp-json\/wp\/v2\/product\/6805","targetHints":{"allow":["GET"]}}],"collection":[{"href":"https:\/\/www3.blomqvistplantskola.com\/fi\/wp-json\/wp\/v2\/product"}],"about":[{"href":"https:\/\/www3.blomqvistplantskola.com\/fi\/wp-json\/wp\/v2\/types\/product"}],"wp:featuredmedia":[{"embeddable":true,"href":"https:\/\/www3.blomqvistplantskola.com\/fi\/wp-json\/wp\/v2\/media\/5076"}],"wp:attachment":[{"href":"https:\/\/www3.blomqvistplantskola.com\/fi\/wp-json\/wp\/v2\/media?parent=6805"}],"wp:term":[{"taxonomy":"product_brand","embeddable":true,"href":"https:\/\/www3.blomqvistplantskola.com\/fi\/wp-json\/wp\/v2\/product_brand?post=6805"},{"taxonomy":"product_cat","embeddable":true,"href":"https:\/\/www3.blomqvistplantskola.com\/fi\/wp-json\/wp\/v2\/product_cat?post=6805"},{"taxonomy":"product_tag","embeddable":true,"href":"https:\/\/www3.blomqvistplantskola.com\/fi\/wp-json\/wp\/v2\/product_tag?post=6805"}],"curies":[{"name":"wp","href":"https:\/\/api.w.org\/{rel}","templated":true}]}}