{"id":6808,"date":"2026-03-13T13:44:53","date_gmt":"2026-03-13T11:44:53","guid":{"rendered":"https:\/\/www3.blomqvistplantskola.com\/?post_type=product&#038;p=6808"},"modified":"2026-04-24T09:44:42","modified_gmt":"2026-04-24T07:44:42","slug":"kandil-orlovskij-ymprismalus-domestica-kopia","status":"publish","type":"product","link":"https:\/\/www3.blomqvistplantskola.com\/fi\/product\/kandil-orlovskij-ymprismalus-domestica-kopia\/","title":{"rendered":"<b>Kandil Orlovskij <\/b>(piiskataimi)<br>Malus domestica"},"content":{"rendered":"<p>Hedelm\u00e4puun piiska-\/ kevytttaimi 4 litran taimipussissa. Piiskataimet on leikattu noin 70-80 cm korkuisiksi.<br \/>\nMukana toimitetaan lyhyet viljelyohjeet, ja jo ensi syksyn\u00e4 sinulla on pieni hedelm\u00e4puu.<\/p>","protected":false},"excerpt":{"rendered":"<p>Eritt\u00e4in lupaava, ven\u00e4l\u00e4inen ruvenkest\u00e4v\u00e4 talvilajike, jolla Vf-geenit, rekister\u00f6ity v. 2002. Runsassatoinen lajike, jolla korkealaatuiset, keskisuuret hedelm\u00e4t, jotka voidaan varastoida helmikuulle asti. Vaaleankeltaisessa hedelm\u00e4ss\u00e4 vadelmanpunainen pintav\u00e4ri. Hedelm\u00e4liha on vihert\u00e4v\u00e4\u00e4, sile\u00e4\u00e4, pehme\u00e4\u00e4 ja mehukasta. Puu on keskisuuri, kruunu py\u00f6re\u00e4hk\u00f6, oksat kevyesti alasp\u00e4in riippuvat.<\/p>\n<p><strong>Vy\u00f6hyke: <\/strong>FI 1-3(4).\u00a0 SE 1-4(5).<br \/>\n<strong>Tyyppi: <\/strong>Talvilajike<\/p>","protected":false},"featured_media":6027,"template":"","meta":[],"product_brand":[],"product_cat":[240],"product_tag":[],"class_list":{"0":"post-6808","1":"product","2":"type-product","3":"status-publish","4":"has-post-thumbnail","6":"product_cat-appeltrad","7":"product_shipping_class-postpaket","9":"first","10":"instock","11":"taxable","12":"shipping-taxable","13":"purchasable","14":"product-type-simple"},"_links":{"self":[{"href":"https:\/\/www3.blomqvistplantskola.com\/fi\/wp-json\/wp\/v2\/product\/6808","targetHints":{"allow":["GET"]}}],"collection":[{"href":"https:\/\/www3.blomqvistplantskola.com\/fi\/wp-json\/wp\/v2\/product"}],"about":[{"href":"https:\/\/www3.blomqvistplantskola.com\/fi\/wp-json\/wp\/v2\/types\/product"}],"wp:featuredmedia":[{"embeddable":true,"href":"https:\/\/www3.blomqvistplantskola.com\/fi\/wp-json\/wp\/v2\/media\/6027"}],"wp:attachment":[{"href":"https:\/\/www3.blomqvistplantskola.com\/fi\/wp-json\/wp\/v2\/media?parent=6808"}],"wp:term":[{"taxonomy":"product_brand","embeddable":true,"href":"https:\/\/www3.blomqvistplantskola.com\/fi\/wp-json\/wp\/v2\/product_brand?post=6808"},{"taxonomy":"product_cat","embeddable":true,"href":"https:\/\/www3.blomqvistplantskola.com\/fi\/wp-json\/wp\/v2\/product_cat?post=6808"},{"taxonomy":"product_tag","embeddable":true,"href":"https:\/\/www3.blomqvistplantskola.com\/fi\/wp-json\/wp\/v2\/product_tag?post=6808"}],"curies":[{"name":"wp","href":"https:\/\/api.w.org\/{rel}","templated":true}]}}