{"id":6813,"date":"2026-03-13T13:46:10","date_gmt":"2026-03-13T11:46:10","guid":{"rendered":"https:\/\/www3.blomqvistplantskola.com\/?post_type=product&#038;p=6813"},"modified":"2026-04-27T12:20:22","modified_gmt":"2026-04-27T10:20:22","slug":"gyllene-kitajka-ymprismalus-domestica-kopia","status":"publish","type":"product","link":"https:\/\/www3.blomqvistplantskola.com\/fi\/product\/gyllene-kitajka-ymprismalus-domestica-kopia\/","title":{"rendered":"<b>Kultainen Kitajka <\/b>(piiskataimi)<br>Malus domestica"},"content":{"rendered":"<p>Hedelm\u00e4puun piiska-\/ kevytttaimi 4 litran taimipussissa. Piiskataimet on leikattu noin 70-80 cm korkuisiksi.<br \/>\nMukana toimitetaan lyhyet viljelyohjeet, ja jo ensi syksyn\u00e4 sinulla on pieni hedelm\u00e4puu.<\/p>","protected":false},"excerpt":{"rendered":"<p>Ven\u00e4l\u00e4inen jalostus vuodelta 1907. Valkoinen Nalif x Kitajka. T\u00e4m\u00e4 omalaatuinen hedelm\u00e4 on tummankeltainen\/ oranssi, pieni ja kyps\u00e4n\u00e4 mehukkaan kuultava. Maultaan se on makea, marmelaadikarkkia muistuttava ja kypsyy aikaisin elokuussa. Hyv\u00e4 p\u00f6lytt\u00e4j\u00e4.<\/p>\n<p><strong>Vy\u00f6hyke: <\/strong>FI 1-5\/6.\u00a0 SE 1-7.<br \/>\n<strong>Tyyppi: <\/strong>Kes\u00e4lajike<\/p>","protected":false},"featured_media":6014,"template":"","meta":[],"product_brand":[],"product_cat":[240],"product_tag":[],"class_list":{"0":"post-6813","1":"product","2":"type-product","3":"status-publish","4":"has-post-thumbnail","6":"product_cat-appeltrad","7":"product_shipping_class-postpaket","9":"first","10":"instock","11":"taxable","12":"shipping-taxable","13":"purchasable","14":"product-type-simple"},"_links":{"self":[{"href":"https:\/\/www3.blomqvistplantskola.com\/fi\/wp-json\/wp\/v2\/product\/6813","targetHints":{"allow":["GET"]}}],"collection":[{"href":"https:\/\/www3.blomqvistplantskola.com\/fi\/wp-json\/wp\/v2\/product"}],"about":[{"href":"https:\/\/www3.blomqvistplantskola.com\/fi\/wp-json\/wp\/v2\/types\/product"}],"wp:featuredmedia":[{"embeddable":true,"href":"https:\/\/www3.blomqvistplantskola.com\/fi\/wp-json\/wp\/v2\/media\/6014"}],"wp:attachment":[{"href":"https:\/\/www3.blomqvistplantskola.com\/fi\/wp-json\/wp\/v2\/media?parent=6813"}],"wp:term":[{"taxonomy":"product_brand","embeddable":true,"href":"https:\/\/www3.blomqvistplantskola.com\/fi\/wp-json\/wp\/v2\/product_brand?post=6813"},{"taxonomy":"product_cat","embeddable":true,"href":"https:\/\/www3.blomqvistplantskola.com\/fi\/wp-json\/wp\/v2\/product_cat?post=6813"},{"taxonomy":"product_tag","embeddable":true,"href":"https:\/\/www3.blomqvistplantskola.com\/fi\/wp-json\/wp\/v2\/product_tag?post=6813"}],"curies":[{"name":"wp","href":"https:\/\/api.w.org\/{rel}","templated":true}]}}