{"id":6817,"date":"2026-03-13T13:46:10","date_gmt":"2026-03-13T11:46:10","guid":{"rendered":"https:\/\/www3.blomqvistplantskola.com\/?post_type=product&#038;p=6817"},"modified":"2026-03-13T13:46:10","modified_gmt":"2026-03-13T11:46:10","slug":"forlovningsapple-ymprismalus-domestica-kopia","status":"publish","type":"product","link":"https:\/\/www3.blomqvistplantskola.com\/fi\/product\/forlovningsapple-ymprismalus-domestica-kopia\/","title":{"rendered":"<b>Kihlajaisomena <\/b>(piiskataimi)<br>Malus domestica"},"content":{"rendered":"<p>Hedelm\u00e4puun piiska-\/ kevytttaimi 4 litran taimipussissa. Piiskataimet on leikattu noin 70-80 cm korkuisiksi.<br \/>\nMukana toimitetaan lyhyet viljelyohjeet, ja jo ensi syksyn\u00e4 sinulla on pieni hedelm\u00e4puu.<\/p>","protected":false},"excerpt":{"rendered":"<p>Ruotsalainen siemenkylvetty omenalajike 1900-luvun alkupuolelta. Tarina kertoo, ett\u00e4 vastakihlautunut pari jakoi omenan ja kylvi siemenet, joista t\u00e4m\u00e4 lajike periytyy. Hedelm\u00e4 on suuri, litte\u00e4npy\u00f6re\u00e4 ja kellanvalkoinen, jossa roosanpunaista pintav\u00e4ri\u00e4. Hedelm\u00e4liha vihre\u00e4nvalkoista, mehukasta ja miedon aromaattista, vain aavistus happamuutta. Hedelm\u00e4t k\u00e4ytet\u00e4\u00e4n vastapoimittuina. Sato kypsyy elokuun lopulla. Antaa runsaat sadot jo nuorena. Terve lajike.<\/p>\n<p><strong>Vy\u00f6hyke: <\/strong>FI 1-4\/5.\u00a0 SE 1-6.<br \/>\n<strong>Tyyppi: <\/strong>Kes\u00e4lajike<\/p>","protected":false},"featured_media":6000,"template":"","meta":[],"product_brand":[],"product_cat":[240],"product_tag":[],"class_list":{"0":"post-6817","1":"product","2":"type-product","3":"status-publish","4":"has-post-thumbnail","6":"product_cat-appeltrad","7":"product_shipping_class-postpaket","9":"first","10":"instock","11":"taxable","12":"shipping-taxable","13":"purchasable","14":"product-type-simple"},"_links":{"self":[{"href":"https:\/\/www3.blomqvistplantskola.com\/fi\/wp-json\/wp\/v2\/product\/6817","targetHints":{"allow":["GET"]}}],"collection":[{"href":"https:\/\/www3.blomqvistplantskola.com\/fi\/wp-json\/wp\/v2\/product"}],"about":[{"href":"https:\/\/www3.blomqvistplantskola.com\/fi\/wp-json\/wp\/v2\/types\/product"}],"wp:featuredmedia":[{"embeddable":true,"href":"https:\/\/www3.blomqvistplantskola.com\/fi\/wp-json\/wp\/v2\/media\/6000"}],"wp:attachment":[{"href":"https:\/\/www3.blomqvistplantskola.com\/fi\/wp-json\/wp\/v2\/media?parent=6817"}],"wp:term":[{"taxonomy":"product_brand","embeddable":true,"href":"https:\/\/www3.blomqvistplantskola.com\/fi\/wp-json\/wp\/v2\/product_brand?post=6817"},{"taxonomy":"product_cat","embeddable":true,"href":"https:\/\/www3.blomqvistplantskola.com\/fi\/wp-json\/wp\/v2\/product_cat?post=6817"},{"taxonomy":"product_tag","embeddable":true,"href":"https:\/\/www3.blomqvistplantskola.com\/fi\/wp-json\/wp\/v2\/product_tag?post=6817"}],"curies":[{"name":"wp","href":"https:\/\/api.w.org\/{rel}","templated":true}]}}