{"id":6818,"date":"2026-03-13T13:46:50","date_gmt":"2026-03-13T11:46:50","guid":{"rendered":"https:\/\/www3.blomqvistplantskola.com\/?post_type=product&#038;p=6818"},"modified":"2026-04-27T18:00:55","modified_gmt":"2026-04-27T16:00:55","slug":"borgovskoje-ymprismalus-domestica-kopia-2","status":"publish","type":"product","link":"https:\/\/www3.blomqvistplantskola.com\/fi\/product\/borgovskoje-ymprismalus-domestica-kopia-2\/","title":{"rendered":"<b>Borgovskoje <\/b>(piiskataimi)<br>Malus domestica"},"content":{"rendered":"<p>Hedelm\u00e4puun piiska-\/ kevytttaimi 4 litran taimipussissa. Piiskataimet on leikattu noin 70-80 cm korkuisiksi.<br \/>\nMukana toimitetaan lyhyet viljelyohjeet, ja jo ensi syksyn\u00e4 sinulla on pieni hedelm\u00e4puu.<\/p>","protected":false},"excerpt":{"rendered":"<p>Ehdottomasti yksi kest\u00e4vimmist\u00e4 omenalajikkeista. Lajikkeella on ven\u00e4l\u00e4inen alkuper\u00e4, se tuli Suomeen 1800-luvulla. Voidaan viljell\u00e4 jopa Sallan korkeudella, Suomen Lapissa. Omenat ovat keskisuuria, pitk\u00e4hk\u00f6j\u00e4 ja kevyesti kasaanpainuneen mallisia. Hedelm\u00e4 on makea, l\u00e4hes viinihapoton ja kypsyy syyskuun alkupuolella. Muistuttaa maultaan hieman 'Golden Deliciousta', jos on saanut kasvaa kosteutta pid\u00e4tt\u00e4v\u00e4ss\u00e4 maassa. Kuivlla paikalla hedelmist\u00e4 muodostuu mauottomia. Voimakaskasvuinen kauniilla ja vahvalla oksistolla. Eritt\u00e4in talvenkest\u00e4v\u00e4.<\/p>\n<p><strong>Vy\u00f6hyke: <\/strong>FI 1-5\/6.\u00a0 SE 1-7.<br \/>\n<strong>Tyyppi: <\/strong>Kes\u00e4lajike<\/p>","protected":false},"featured_media":5993,"template":"","meta":[],"product_brand":[],"product_cat":[240],"product_tag":[],"class_list":{"0":"post-6818","1":"product","2":"type-product","3":"status-publish","4":"has-post-thumbnail","6":"product_cat-appeltrad","7":"product_shipping_class-postpaket","9":"first","10":"instock","11":"taxable","12":"shipping-taxable","13":"purchasable","14":"product-type-simple"},"_links":{"self":[{"href":"https:\/\/www3.blomqvistplantskola.com\/fi\/wp-json\/wp\/v2\/product\/6818","targetHints":{"allow":["GET"]}}],"collection":[{"href":"https:\/\/www3.blomqvistplantskola.com\/fi\/wp-json\/wp\/v2\/product"}],"about":[{"href":"https:\/\/www3.blomqvistplantskola.com\/fi\/wp-json\/wp\/v2\/types\/product"}],"wp:featuredmedia":[{"embeddable":true,"href":"https:\/\/www3.blomqvistplantskola.com\/fi\/wp-json\/wp\/v2\/media\/5993"}],"wp:attachment":[{"href":"https:\/\/www3.blomqvistplantskola.com\/fi\/wp-json\/wp\/v2\/media?parent=6818"}],"wp:term":[{"taxonomy":"product_brand","embeddable":true,"href":"https:\/\/www3.blomqvistplantskola.com\/fi\/wp-json\/wp\/v2\/product_brand?post=6818"},{"taxonomy":"product_cat","embeddable":true,"href":"https:\/\/www3.blomqvistplantskola.com\/fi\/wp-json\/wp\/v2\/product_cat?post=6818"},{"taxonomy":"product_tag","embeddable":true,"href":"https:\/\/www3.blomqvistplantskola.com\/fi\/wp-json\/wp\/v2\/product_tag?post=6818"}],"curies":[{"name":"wp","href":"https:\/\/api.w.org\/{rel}","templated":true}]}}