{"id":6820,"date":"2026-03-13T14:19:12","date_gmt":"2026-03-13T12:19:12","guid":{"rendered":"https:\/\/www3.blomqvistplantskola.com\/?post_type=product&#038;p=6820"},"modified":"2026-04-28T12:24:04","modified_gmt":"2026-04-28T10:24:04","slug":"tshizovskaja-ymprispyrus-communis-kopia","status":"publish","type":"product","link":"https:\/\/www3.blomqvistplantskola.com\/fi\/product\/tshizovskaja-ymprispyrus-communis-kopia\/","title":{"rendered":"<b>Tshizovskaja <\/b>(piiskataimi)<br>Pyrus communis"},"content":{"rendered":"<p>Hedelm\u00e4puun piiska-\/ kevytttaimi 4 litran taimipussissa. Piiskataimet on leikattu noin 70-80 cm korkuisiksi.<br \/>\nMukana toimitetaan lyhyet viljelyohjeet, ja jo ensi syksyn\u00e4 sinulla on pieni hedelm\u00e4puu.<\/p>","protected":false},"excerpt":{"rendered":"<p>Terve ja eritt\u00e4in talvenkest\u00e4v\u00e4 lajike (tuottanut satoa mm Sallassa). Malto pehme\u00e4\u00e4, mehukasta, ei juurikaan kivisoluja. Maku eritt\u00e4in makea ja aromikas. Hedelm\u00e4 suurehko 130\u2013150 g. Muoto s\u00e4\u00e4nn\u00f6llisen pitkulainen, vain liev\u00e4sti kantaan p\u00e4in suippeneva. Kyps\u00e4 syyskuun puoliv\u00e4liss\u00e4. Voidaan varastoida 3-4 viikkoa.\n\nRisteytysjaloste Moskovan Timirjazovin akatemiasta (Olga x Lesnaja Krasavitsa). Otettiin valtakunnalliseen koeviljelyyn Ven\u00e4j\u00e4ll\u00e4 1980 ja nimettiin lajikerekisteriin 1993.<\/p>\n<p><strong>Vy\u00f6hyke: <\/strong>FI 1-4(5). SE 1-5\/6.<br \/>\n<strong>Tyyppi: <\/strong>Sommartsort<\/p>","protected":false},"featured_media":5090,"template":"","meta":[],"product_brand":[],"product_cat":[241],"product_tag":[],"class_list":{"0":"post-6820","1":"product","2":"type-product","3":"status-publish","4":"has-post-thumbnail","6":"product_cat-parontrad","7":"product_shipping_class-postpaket","9":"first","10":"instock","11":"taxable","12":"shipping-taxable","13":"purchasable","14":"product-type-simple"},"_links":{"self":[{"href":"https:\/\/www3.blomqvistplantskola.com\/fi\/wp-json\/wp\/v2\/product\/6820","targetHints":{"allow":["GET"]}}],"collection":[{"href":"https:\/\/www3.blomqvistplantskola.com\/fi\/wp-json\/wp\/v2\/product"}],"about":[{"href":"https:\/\/www3.blomqvistplantskola.com\/fi\/wp-json\/wp\/v2\/types\/product"}],"wp:featuredmedia":[{"embeddable":true,"href":"https:\/\/www3.blomqvistplantskola.com\/fi\/wp-json\/wp\/v2\/media\/5090"}],"wp:attachment":[{"href":"https:\/\/www3.blomqvistplantskola.com\/fi\/wp-json\/wp\/v2\/media?parent=6820"}],"wp:term":[{"taxonomy":"product_brand","embeddable":true,"href":"https:\/\/www3.blomqvistplantskola.com\/fi\/wp-json\/wp\/v2\/product_brand?post=6820"},{"taxonomy":"product_cat","embeddable":true,"href":"https:\/\/www3.blomqvistplantskola.com\/fi\/wp-json\/wp\/v2\/product_cat?post=6820"},{"taxonomy":"product_tag","embeddable":true,"href":"https:\/\/www3.blomqvistplantskola.com\/fi\/wp-json\/wp\/v2\/product_tag?post=6820"}],"curies":[{"name":"wp","href":"https:\/\/api.w.org\/{rel}","templated":true}]}}