{"id":6848,"date":"2026-03-13T13:46:11","date_gmt":"2026-03-13T11:46:11","guid":{"rendered":"https:\/\/www3.blomqvistplantskola.com\/?post_type=product&#038;p=6848"},"modified":"2026-03-16T13:20:32","modified_gmt":"2026-03-16T11:20:32","slug":"tsarens-skold-spomalus-domestica","status":"publish","type":"product","link":"https:\/\/www3.blomqvistplantskola.com\/fi\/product\/tsarens-skold-spomalus-domestica\/","title":{"rendered":"<b>Tsaarin kilpi <\/b>(piiskataimi)<br>Malus domestica"},"content":{"rendered":"<p>Hedelm\u00e4puun piiska-\/ kevytttaimi 4 litran taimipussissa. Piiskataimet on leikattu noin 70-80 cm korkuisiksi.<br \/>\nMukana toimitetaan lyhyet viljelyohjeet, ja jo ensi syksyn\u00e4 sinulla on pieni hedelm\u00e4puu.<\/p>","protected":false},"excerpt":{"rendered":"<p>Tartusta, Regelin taimistolta, vuonna 1865 tullut vanha, aikainen syyslajike. Kohtalaisen kookkaita, kartiomaisia, punakeltaisia hedelmi\u00e4. Malto on pehme\u00e4\u00e4 ja mehukasta, enemm\u00e4n makea kuin happoinen. Yksi parhaimmista soseomenoista! Runsassatoinen. Eritt\u00e4in hyv\u00e4 talvenkest\u00e4vyys, ehk\u00e4 Borgovskojen j\u00e4lkeen yksi kest\u00e4vimmist\u00e4.<\/p>\n<p><strong>Vy\u00f6hyke: <\/strong>FI 1-5(6). SE 1-6<br \/>\n<strong>Tyyppi: <\/strong>Syyslajike<\/p>","protected":false},"featured_media":6095,"template":"","meta":[],"product_brand":[],"product_cat":[240],"product_tag":[],"class_list":{"0":"post-6848","1":"product","2":"type-product","3":"status-publish","4":"has-post-thumbnail","6":"product_cat-appeltrad","7":"product_shipping_class-postpaket","9":"first","10":"instock","11":"taxable","12":"shipping-taxable","13":"purchasable","14":"product-type-simple"},"_links":{"self":[{"href":"https:\/\/www3.blomqvistplantskola.com\/fi\/wp-json\/wp\/v2\/product\/6848","targetHints":{"allow":["GET"]}}],"collection":[{"href":"https:\/\/www3.blomqvistplantskola.com\/fi\/wp-json\/wp\/v2\/product"}],"about":[{"href":"https:\/\/www3.blomqvistplantskola.com\/fi\/wp-json\/wp\/v2\/types\/product"}],"wp:featuredmedia":[{"embeddable":true,"href":"https:\/\/www3.blomqvistplantskola.com\/fi\/wp-json\/wp\/v2\/media\/6095"}],"wp:attachment":[{"href":"https:\/\/www3.blomqvistplantskola.com\/fi\/wp-json\/wp\/v2\/media?parent=6848"}],"wp:term":[{"taxonomy":"product_brand","embeddable":true,"href":"https:\/\/www3.blomqvistplantskola.com\/fi\/wp-json\/wp\/v2\/product_brand?post=6848"},{"taxonomy":"product_cat","embeddable":true,"href":"https:\/\/www3.blomqvistplantskola.com\/fi\/wp-json\/wp\/v2\/product_cat?post=6848"},{"taxonomy":"product_tag","embeddable":true,"href":"https:\/\/www3.blomqvistplantskola.com\/fi\/wp-json\/wp\/v2\/product_tag?post=6848"}],"curies":[{"name":"wp","href":"https:\/\/api.w.org\/{rel}","templated":true}]}}