{"id":6850,"date":"2026-03-13T13:46:49","date_gmt":"2026-03-13T11:46:49","guid":{"rendered":"https:\/\/www3.blomqvistplantskola.com\/?post_type=product&#038;p=6850"},"modified":"2026-04-08T15:38:37","modified_gmt":"2026-04-08T13:38:37","slug":"prezident-spomalus-domestica","status":"publish","type":"product","link":"https:\/\/www3.blomqvistplantskola.com\/fi\/product\/prezident-spomalus-domestica\/","title":{"rendered":"<b>Presidentti pilariomenapuu<\/b>(piiskataimi)<br>Malus domestica"},"content":{"rendered":"<p>Sp\u00f6\/ungplanta av frukttr\u00e4d i 4 liters plantp\u00e5se. Sp\u00f6na \u00e4r 50+ cm h\u00f6jd.<\/p>\n<p>Perusrunko: Malus domestica 'Antonovka' siemenperusrunko<\/p>","protected":false},"excerpt":{"rendered":"<p>Pilariomenapuu. Ven\u00e4l\u00e4isess\u00e4 puutarhantutkimuslaitoksessa vapaap\u00f6lytteisesti syntynyt lajike. Keskisuuria tai suuria hedelmi\u00e4, jotka kypsyv\u00e4t syyskuun alku-keskivaiheilla. Malto on valkoista, hienoa ja eritt\u00e4in mehukasta. Maultaan makeanhapokas, miellytt\u00e4v\u00e4 ja aromaattinen. Hyv\u00e4 p\u00f6yt\u00e4omena, mutta sopii my\u00f6s talousomenaksi. Voidaan varastoida noin 6 viikkoa. Keskisuuri, kompakti puu, jonka latvus on pilarimainen. Lajike tulee nopeasti satoik\u00e4\u00e4n ja antaa sen j\u00e4lkeen s\u00e4\u00e4nn\u00f6llisesti hyv\u00e4n sadon. Ensimm\u00e4inen talvenkest\u00e4v\u00e4 pilariomena, jota voi viljell\u00e4 my\u00f6s maamme keski- ja pohjoisosissa!<\/p>\n<p><strong>Vy\u00f6hyke: <\/strong>FI 1-4\/5. SE 1-5\/6<br \/>\n<strong>Tyyppi: <\/strong>Syyslajike<\/p>","protected":false},"featured_media":6060,"template":"","meta":[],"product_brand":[],"product_cat":[240],"product_tag":[],"class_list":{"0":"post-6850","1":"product","2":"type-product","3":"status-publish","4":"has-post-thumbnail","6":"product_cat-appeltrad","7":"product_shipping_class-postpaket","9":"first","10":"instock","11":"taxable","12":"shipping-taxable","13":"purchasable","14":"product-type-simple"},"_links":{"self":[{"href":"https:\/\/www3.blomqvistplantskola.com\/fi\/wp-json\/wp\/v2\/product\/6850","targetHints":{"allow":["GET"]}}],"collection":[{"href":"https:\/\/www3.blomqvistplantskola.com\/fi\/wp-json\/wp\/v2\/product"}],"about":[{"href":"https:\/\/www3.blomqvistplantskola.com\/fi\/wp-json\/wp\/v2\/types\/product"}],"wp:featuredmedia":[{"embeddable":true,"href":"https:\/\/www3.blomqvistplantskola.com\/fi\/wp-json\/wp\/v2\/media\/6060"}],"wp:attachment":[{"href":"https:\/\/www3.blomqvistplantskola.com\/fi\/wp-json\/wp\/v2\/media?parent=6850"}],"wp:term":[{"taxonomy":"product_brand","embeddable":true,"href":"https:\/\/www3.blomqvistplantskola.com\/fi\/wp-json\/wp\/v2\/product_brand?post=6850"},{"taxonomy":"product_cat","embeddable":true,"href":"https:\/\/www3.blomqvistplantskola.com\/fi\/wp-json\/wp\/v2\/product_cat?post=6850"},{"taxonomy":"product_tag","embeddable":true,"href":"https:\/\/www3.blomqvistplantskola.com\/fi\/wp-json\/wp\/v2\/product_tag?post=6850"}],"curies":[{"name":"wp","href":"https:\/\/api.w.org\/{rel}","templated":true}]}}