{"id":6851,"date":"2026-03-13T13:46:49","date_gmt":"2026-03-13T11:46:49","guid":{"rendered":"https:\/\/www3.blomqvistplantskola.com\/?post_type=product&#038;p=6851"},"modified":"2026-03-13T13:46:49","modified_gmt":"2026-03-13T11:46:49","slug":"dzin-pelarapple-spomalus-domestica","status":"publish","type":"product","link":"https:\/\/www3.blomqvistplantskola.com\/fi\/product\/dzin-pelarapple-spomalus-domestica\/","title":{"rendered":"<b>Dzin pilariomena <\/b>(piiskataimi)<br>Malus domestica"},"content":{"rendered":"<p>Sp\u00f6\/ungplanta av frukttr\u00e4d i 4 liters plantp\u00e5se. Sp\u00f6na \u00e4r 50+ cm.<\/p>\n<p>Grundstam: Antonovka fr\u00f6grundstam<\/p>","protected":false},"excerpt":{"rendered":"<p>Pelar\u00e4pple. Smalt, pelarformigt tr\u00e4d som blir ca 100-150 cm brett, och 3+ m h\u00f6gt. Frukten medelstor, gulr\u00f6d, s\u00f6tsyrlig. Besk\u00e4rning beh\u00f6vs vanligen inte.<\/p>\n<p><strong>Vy\u00f6hyke: <\/strong>FI 1-3. SE 1-4<br \/>\n<strong>Tyyppi: <\/strong>Syyslajike<\/p>","protected":false},"featured_media":5995,"template":"","meta":[],"product_brand":[],"product_cat":[240],"product_tag":[],"class_list":{"0":"post-6851","1":"product","2":"type-product","3":"status-publish","4":"has-post-thumbnail","6":"product_cat-appeltrad","7":"product_shipping_class-postpaket","9":"first","10":"instock","11":"taxable","12":"shipping-taxable","13":"purchasable","14":"product-type-simple"},"_links":{"self":[{"href":"https:\/\/www3.blomqvistplantskola.com\/fi\/wp-json\/wp\/v2\/product\/6851","targetHints":{"allow":["GET"]}}],"collection":[{"href":"https:\/\/www3.blomqvistplantskola.com\/fi\/wp-json\/wp\/v2\/product"}],"about":[{"href":"https:\/\/www3.blomqvistplantskola.com\/fi\/wp-json\/wp\/v2\/types\/product"}],"wp:featuredmedia":[{"embeddable":true,"href":"https:\/\/www3.blomqvistplantskola.com\/fi\/wp-json\/wp\/v2\/media\/5995"}],"wp:attachment":[{"href":"https:\/\/www3.blomqvistplantskola.com\/fi\/wp-json\/wp\/v2\/media?parent=6851"}],"wp:term":[{"taxonomy":"product_brand","embeddable":true,"href":"https:\/\/www3.blomqvistplantskola.com\/fi\/wp-json\/wp\/v2\/product_brand?post=6851"},{"taxonomy":"product_cat","embeddable":true,"href":"https:\/\/www3.blomqvistplantskola.com\/fi\/wp-json\/wp\/v2\/product_cat?post=6851"},{"taxonomy":"product_tag","embeddable":true,"href":"https:\/\/www3.blomqvistplantskola.com\/fi\/wp-json\/wp\/v2\/product_tag?post=6851"}],"curies":[{"name":"wp","href":"https:\/\/api.w.org\/{rel}","templated":true}]}}