{"id":6856,"date":"2026-03-13T14:21:40","date_gmt":"2026-03-13T12:21:40","guid":{"rendered":"https:\/\/www3.blomqvistplantskola.com\/?post_type=product&#038;p=6856"},"modified":"2026-04-18T10:54:12","modified_gmt":"2026-04-18T08:54:12","slug":"padorok-st-petersburg-spoprunus-cerasifera","status":"publish","type":"product","link":"https:\/\/www3.blomqvistplantskola.com\/fi\/product\/padorok-st-petersburg-spoprunus-cerasifera\/","title":{"rendered":"<b>Padorok St. Petersburg <\/b>(piiskataimi)<br>Prunus cerasifera"},"content":{"rendered":"<p>Hedelm\u00e4puun piiska-\/ kevytttaimi 4 litran taimipussissa. Piiskataimet on leikattu noin 70-80 cm korkuisiksi.<br \/>\nMukana toimitetaan lyhyet viljelyohjeet, ja jo ensi syksyn\u00e4 sinulla on pieni hedelm\u00e4puu.<\/p>","protected":false},"excerpt":{"rendered":"<p>Ven\u00e4l\u00e4inen lajike, joka soveltuu hyvin tuoreena sy\u00f6t\u00e4v\u00e4ksi herkkuhedelm\u00e4ksi. Hedelm\u00e4t ovat suuria ja kauniin kirkkaankeltaisia. Sato kypsyy elokuun lopulla. Melko matalakasvuinen, mutta ajan mittaan muoto leve\u00e4. Lajike on osittain itsep\u00f6lytt\u00e4v\u00e4, istutus toisen kirsikkaluumun kanssa tuottaa suuremman sadon.<\/p>\n<p><strong>Vy\u00f6hyke: <\/strong>FI 1-3\/4. SE 1-4\/5.<br \/>\n<strong>Tyyppi: <\/strong>Kirsikkaluumu \/ Hybridiluumu<\/p>","protected":false},"featured_media":6408,"template":"","meta":[],"product_brand":[],"product_cat":[247],"product_tag":[],"class_list":{"0":"post-6856","1":"product","2":"type-product","3":"status-publish","4":"has-post-thumbnail","6":"product_cat-plummontrad","7":"product_shipping_class-postpaket","9":"first","10":"instock","11":"taxable","12":"shipping-taxable","13":"purchasable","14":"product-type-simple"},"_links":{"self":[{"href":"https:\/\/www3.blomqvistplantskola.com\/fi\/wp-json\/wp\/v2\/product\/6856","targetHints":{"allow":["GET"]}}],"collection":[{"href":"https:\/\/www3.blomqvistplantskola.com\/fi\/wp-json\/wp\/v2\/product"}],"about":[{"href":"https:\/\/www3.blomqvistplantskola.com\/fi\/wp-json\/wp\/v2\/types\/product"}],"wp:featuredmedia":[{"embeddable":true,"href":"https:\/\/www3.blomqvistplantskola.com\/fi\/wp-json\/wp\/v2\/media\/6408"}],"wp:attachment":[{"href":"https:\/\/www3.blomqvistplantskola.com\/fi\/wp-json\/wp\/v2\/media?parent=6856"}],"wp:term":[{"taxonomy":"product_brand","embeddable":true,"href":"https:\/\/www3.blomqvistplantskola.com\/fi\/wp-json\/wp\/v2\/product_brand?post=6856"},{"taxonomy":"product_cat","embeddable":true,"href":"https:\/\/www3.blomqvistplantskola.com\/fi\/wp-json\/wp\/v2\/product_cat?post=6856"},{"taxonomy":"product_tag","embeddable":true,"href":"https:\/\/www3.blomqvistplantskola.com\/fi\/wp-json\/wp\/v2\/product_tag?post=6856"}],"curies":[{"name":"wp","href":"https:\/\/api.w.org\/{rel}","templated":true}]}}