{"id":6865,"date":"2026-03-13T14:17:24","date_gmt":"2026-03-13T12:17:24","guid":{"rendered":"https:\/\/www3.blomqvistplantskola.com\/?post_type=product&#038;p=6865"},"modified":"2026-04-19T20:41:44","modified_gmt":"2026-04-19T18:41:44","slug":"ullungronn-sposorbus-ulleungensis-dodong","status":"publish","type":"product","link":"https:\/\/www3.blomqvistplantskola.com\/fi\/product\/ullungronn-sposorbus-ulleungensis-dodong\/","title":{"rendered":"<b>Tuurenpihlaja <\/b>(piiskataimi)<br>Sorbus ulleungensis `Dodong\u00b4"},"content":{"rendered":"<p>Piiskataimi 4 litran taimipussissa.<br \/>\nPiiskataimet ovat 60-70 cm korkeita, eik\u00e4 niit\u00e4 ole latvottu, joten voit itse p\u00e4\u00e4tt\u00e4\u00e4 runkokorkeuden.<\/p>","protected":false},"excerpt":{"rendered":"<p>Hieno, k\u00e4ytt\u00f6kelpoinen pihlaja. Suuret lehdet luovat trooppisen ilmeen. Aikaisin kev\u00e4\u00e4ll\u00e4 avautuvat isot lehtisilmut kehittyv\u00e4t kauniiksi ja terveeksi lehv\u00e4st\u00f6ksi. Puu saa valkoiset, suuret kukintonsa hiukan tavallista pihlajaamme my\u00f6hemmin. Marjat ovat suuria, oranssinkeltaisia ja hiukan pitkulaisia. Kirjava syysv\u00e4ritys kehittyy aurinkoisilla paikoilla. Suojataan ensimm\u00e4iset vuodet jyrsij\u00f6ilt\u00e4.<\/p>\n<p><strong>Vy\u00f6hyke: <\/strong>FI 1-5. SE 1-6.<br \/>\n<strong>Korkeus: <\/strong>7-10 m<\/p>","protected":false},"featured_media":10438,"template":"","meta":[],"product_brand":[],"product_cat":[254],"product_tag":[],"class_list":{"0":"post-6865","1":"product","2":"type-product","3":"status-publish","4":"has-post-thumbnail","6":"product_cat-lovtrad","7":"product_shipping_class-postpaket","9":"first","10":"instock","11":"taxable","12":"shipping-taxable","13":"purchasable","14":"product-type-simple"},"_links":{"self":[{"href":"https:\/\/www3.blomqvistplantskola.com\/fi\/wp-json\/wp\/v2\/product\/6865","targetHints":{"allow":["GET"]}}],"collection":[{"href":"https:\/\/www3.blomqvistplantskola.com\/fi\/wp-json\/wp\/v2\/product"}],"about":[{"href":"https:\/\/www3.blomqvistplantskola.com\/fi\/wp-json\/wp\/v2\/types\/product"}],"wp:featuredmedia":[{"embeddable":true,"href":"https:\/\/www3.blomqvistplantskola.com\/fi\/wp-json\/wp\/v2\/media\/10438"}],"wp:attachment":[{"href":"https:\/\/www3.blomqvistplantskola.com\/fi\/wp-json\/wp\/v2\/media?parent=6865"}],"wp:term":[{"taxonomy":"product_brand","embeddable":true,"href":"https:\/\/www3.blomqvistplantskola.com\/fi\/wp-json\/wp\/v2\/product_brand?post=6865"},{"taxonomy":"product_cat","embeddable":true,"href":"https:\/\/www3.blomqvistplantskola.com\/fi\/wp-json\/wp\/v2\/product_cat?post=6865"},{"taxonomy":"product_tag","embeddable":true,"href":"https:\/\/www3.blomqvistplantskola.com\/fi\/wp-json\/wp\/v2\/product_tag?post=6865"}],"curies":[{"name":"wp","href":"https:\/\/api.w.org\/{rel}","templated":true}]}}