{"id":6918,"date":"2025-03-10T20:01:47","date_gmt":"2025-03-10T18:01:47","guid":{"rendered":"https:\/\/www3.blomqvistplantskola.com\/?post_type=product&#038;p=6918"},"modified":"2026-04-27T20:51:00","modified_gmt":"2026-04-27T18:51:00","slug":"jordgubbe-dagsneutralfragaria-x-ananassa-ostara","status":"publish","type":"product","link":"https:\/\/www3.blomqvistplantskola.com\/fi\/product\/jordgubbe-dagsneutralfragaria-x-ananassa-ostara\/","title":{"rendered":"<b>Mansikka `Ostara\u00b4 10 kpl<\/b><br>Fragaria x ananassa  `Ostara\u00b4"},"content":{"rendered":"<p>Remontoiva, p\u00e4iv\u00e4neutraali, keskiaikainen lajike Alankomaista. Soveltuu eritt\u00e4in hyvin kotipuutarhoihin \/ kes\u00e4m\u00f6keille \/ ruukkuun, sill\u00e4 satokausi kest\u00e4\u00e4 pakkasiin asti. Marjat ovat keskisuuria ja miellytt\u00e4v\u00e4n makeita. Terve, tuottaa vain v\u00e4h\u00e4n r\u00f6nsyj\u00e4.<\/p>\n<p><strong>HOITO:<\/strong><br \/>\nPaljasjuuriset taimet istutetaan tavalliseen tapaan suoraan maahan, tai ne voi halutessaan istuttaa ruukkuun ennen sit\u00e4.<br \/>\nTaimia voi pit\u00e4\u00e4 odottamassa lopullista istutusta kosteaan turpeeseen tilap\u00e4isesti istutettuna nolla-asteisessa kellarissa, varastossa,  kylmi\u00f6ss\u00e4 tai lumen alla. Mansikantaimia voi jopa s\u00e4ilytt\u00e4\u00e4 jonkin aikaa j\u00e4\u00e4kaapissa kosteaa turvetta juurten ymp\u00e4rill\u00e4. Istutetaan niin pian kuin mahdollista kauden pident\u00e4miseksi.<\/p>","protected":false},"excerpt":{"rendered":"<p><span style=\"font-family: Arial, serif;\"><span style=\"font-size: medium;\">Suuria, paljasjuurisia jumbotaimia, jotka antavat hyv\u00e4n sadon jo samana kes\u00e4n\u00e4.<br \/>\nPidetty lajike, joka tuottaa satoa pitk\u00e4ll\u00e4 aikav\u00e4lill\u00e4 (p\u00e4iv\u00e4neutraali)<br \/>\nSoveltuu hyvin istutettavaksi amppeliin tai parvekelaatikkoon.<br \/>\nN\u00e4m\u00e4 taimet antavat yleens\u00e4 sadon n. 60-65 p\u00e4iv\u00e4\u00e4 istutuksen j\u00e4lkeen.<br \/>\n<strong>10 kpl \/ paketti<br \/>\n<\/strong><\/span><\/span><\/p>\n<p><span style=\"font-family: Arial, serif;\"><span style=\"font-size: medium;\">\u00a0<\/span><\/span><\/p>","protected":false},"featured_media":4870,"template":"","meta":[],"product_brand":[],"product_cat":[248,312],"product_tag":[],"class_list":{"0":"post-6918","1":"product","2":"type-product","3":"status-publish","4":"has-post-thumbnail","6":"product_cat-barvaxter","7":"product_cat-paketerbjudanden","8":"product_shipping_class-postpaket","10":"first","11":"instock","12":"taxable","13":"shipping-taxable","14":"purchasable","15":"product-type-simple"},"_links":{"self":[{"href":"https:\/\/www3.blomqvistplantskola.com\/fi\/wp-json\/wp\/v2\/product\/6918","targetHints":{"allow":["GET"]}}],"collection":[{"href":"https:\/\/www3.blomqvistplantskola.com\/fi\/wp-json\/wp\/v2\/product"}],"about":[{"href":"https:\/\/www3.blomqvistplantskola.com\/fi\/wp-json\/wp\/v2\/types\/product"}],"wp:featuredmedia":[{"embeddable":true,"href":"https:\/\/www3.blomqvistplantskola.com\/fi\/wp-json\/wp\/v2\/media\/4870"}],"wp:attachment":[{"href":"https:\/\/www3.blomqvistplantskola.com\/fi\/wp-json\/wp\/v2\/media?parent=6918"}],"wp:term":[{"taxonomy":"product_brand","embeddable":true,"href":"https:\/\/www3.blomqvistplantskola.com\/fi\/wp-json\/wp\/v2\/product_brand?post=6918"},{"taxonomy":"product_cat","embeddable":true,"href":"https:\/\/www3.blomqvistplantskola.com\/fi\/wp-json\/wp\/v2\/product_cat?post=6918"},{"taxonomy":"product_tag","embeddable":true,"href":"https:\/\/www3.blomqvistplantskola.com\/fi\/wp-json\/wp\/v2\/product_tag?post=6918"}],"curies":[{"name":"wp","href":"https:\/\/api.w.org\/{rel}","templated":true}]}}