{"id":6946,"date":"2026-03-13T14:15:36","date_gmt":"2026-03-13T12:15:36","guid":{"rendered":"https:\/\/www3.blomqvistplantskola.com\/?post_type=product&#038;p=6946"},"modified":"2026-03-16T20:04:38","modified_gmt":"2026-03-16T18:04:38","slug":"iput-spoprunus-avium-kopia","status":"publish","type":"product","link":"https:\/\/www3.blomqvistplantskola.com\/fi\/product\/iput-spoprunus-avium-kopia\/","title":{"rendered":"<b>Iput <\/b>(piiskataimi)<br>Prunus avium"},"content":{"rendered":"<p>Hedelm\u00e4puun piiska-\/ kevytttaimi 4 litran taimipussissa. Piiskataimet on leikattu noin 70-80 cm korkuisiksi.<br \/>\nMukana toimitetaan lyhyet viljelyohjeet, ja jo ensi syksyn\u00e4 sinulla on pieni hedelm\u00e4puu.<\/p>\n<p>Grundstam: Prunus `GiSelA 5\u00b4(svagv\u00e4xande grundstam)<\/p>","protected":false},"excerpt":{"rendered":"<p>Ven\u00e4l\u00e4inen risteytys, joka kotipaikallaan Brjanskissa kypsyy jo hein\u00e4kuussa. Hedelm\u00e4t ovat todella suuria. Hedelm\u00e4liha on tummanpunaista, melko kiinte\u00e4\u00e4, mehukasta ja makeaa. Kuori on tummanpunainen, melkein musta. Kivi on keskisuuri ja irtoaa aika helposti hedelm\u00e4lihasta. Eritt\u00e4in hyv\u00e4 tuorek\u00e4ytt\u00f6\u00f6n. Puu keskisuuri. Osittain itsep\u00f6lytt\u00e4v\u00e4 lajike, joka yleens\u00e4 on terve. Yksi talvenkest\u00e4vimmist\u00e4 makeakirsikoista.<\/p>\n<p><strong>Vy\u00f6hyke: <\/strong>FI 1-3. SE 1-4.<br \/>\n<strong>Tyyppi: <\/strong>Kirsikka \/ Makeakirsikka<\/p>","protected":false},"featured_media":5120,"template":"","meta":[],"product_brand":[],"product_cat":[243],"product_tag":[],"class_list":{"0":"post-6946","1":"product","2":"type-product","3":"status-publish","4":"has-post-thumbnail","6":"product_cat-korsbarstrad","7":"product_shipping_class-postpaket","9":"first","10":"outofstock","11":"taxable","12":"shipping-taxable","13":"purchasable","14":"product-type-simple"},"_links":{"self":[{"href":"https:\/\/www3.blomqvistplantskola.com\/fi\/wp-json\/wp\/v2\/product\/6946","targetHints":{"allow":["GET"]}}],"collection":[{"href":"https:\/\/www3.blomqvistplantskola.com\/fi\/wp-json\/wp\/v2\/product"}],"about":[{"href":"https:\/\/www3.blomqvistplantskola.com\/fi\/wp-json\/wp\/v2\/types\/product"}],"wp:featuredmedia":[{"embeddable":true,"href":"https:\/\/www3.blomqvistplantskola.com\/fi\/wp-json\/wp\/v2\/media\/5120"}],"wp:attachment":[{"href":"https:\/\/www3.blomqvistplantskola.com\/fi\/wp-json\/wp\/v2\/media?parent=6946"}],"wp:term":[{"taxonomy":"product_brand","embeddable":true,"href":"https:\/\/www3.blomqvistplantskola.com\/fi\/wp-json\/wp\/v2\/product_brand?post=6946"},{"taxonomy":"product_cat","embeddable":true,"href":"https:\/\/www3.blomqvistplantskola.com\/fi\/wp-json\/wp\/v2\/product_cat?post=6946"},{"taxonomy":"product_tag","embeddable":true,"href":"https:\/\/www3.blomqvistplantskola.com\/fi\/wp-json\/wp\/v2\/product_tag?post=6946"}],"curies":[{"name":"wp","href":"https:\/\/api.w.org\/{rel}","templated":true}]}}