{"id":7040,"date":"2026-03-13T12:13:24","date_gmt":"2026-03-13T10:13:24","guid":{"rendered":"https:\/\/www3.blomqvistplantskola.com\/?post_type=product&#038;p=7040"},"modified":"2026-04-16T11:15:43","modified_gmt":"2026-04-16T09:15:43","slug":"havtornspakethippophae-rhamnoides","status":"publish","type":"product","link":"https:\/\/www3.blomqvistplantskola.com\/fi\/product\/havtornspakethippophae-rhamnoides\/","title":{"rendered":"<b>TYRNIPAKETTI <br>2 Eva+1 Otto<\/b><br>Hippophae rhamnoides"},"content":{"rendered":"<p><strong>Eva<\/strong> (emotaimi). Odotettu risteytys, joka on kehitetty pohjoisiin oloihimme. Risteytyksess\u00e4 villi lajike Torniosta\/ Haaparannasta sek\u00e4 ven\u00e4l\u00e4inen suurimarjainen lajike. Emotaimi, jolla vakaa, yl\u00f6sp\u00e4insuuntautuva kasvutapa. L\u00e4hes piikit\u00f6n.\nMarjat ovat suurempia (30-40%) ja niill\u00e4 on korkeampi sokeripitoisuus (35%) kuin kaikilla muilla tuntemilamme lajikkeilla. Sadon saamiseksi tulee istuttaa yhdess\u00e4 p\u00f6lytt\u00e4j\u00e4lajikkeen kanssa aurinkoiselle paikalle, jossa ei ole kilpailua muiden kasvien kanssa. Istuta kotipuutarhassa 1-4 emotainta \/ p\u00f6lytt\u00e4j\u00e4. Vy\u00f6hyke FI 1-6\/7, SE 1-7.<\/p>\n<p><strong>Otto<\/strong> (p\u00f6lytt\u00e4j\u00e4\/hedetaimi , ei anna satoa). Odotettu risteytys, joka on kehitetty pohjoisiin oloihimme. Istutetaan yhdess\u00e4 emotaimen, esim. Evan, kanssa aurinkoiselle paikalle, jossa ei ole kilpailua muiden kasvien kanssa. Tuulip\u00f6lyteinen. Istuta kotipuutarhassa 1-4 emotainta \/ p\u00f6lytt\u00e4j\u00e4. Vy\u00f6hyke FI  1-6\/7, SE  1-7 .<\/p>\n<p><strong>\u00a0<\/strong><\/p>","protected":false},"excerpt":{"rendered":"<p><span style=\"font-family: Arial, serif;\"><span style=\"font-size: medium;\">Tyrnit ovat varsinaisia vitamiinipommeja!<br \/>\nV\u00e4lf\u00f6rgrenade plantor i 2 liters kruka.<br \/>\nKest\u00e4v\u00e4, makea, suurimarjainen sek\u00e4 l\u00e4hes piikit\u00f6n.<br \/>\n<strong>2 kpl `Eva\u00b4<\/strong> (emotaimii, antaa sadon)<strong><br \/>\n1 kpl `Otto\u00b4 <\/strong>(p\u00f6lytt\u00e4j\u00e4 \/ poikataimi, ei anna satoa)<strong><br \/>\n<\/strong><\/span><\/span><\/p>\n<p><span style=\"font-family: Arial, serif;\"><span style=\"font-size: medium;\">\u00a0<\/span><\/span><\/p>","protected":false},"featured_media":4858,"template":"","meta":[],"product_brand":[],"product_cat":[248,312],"product_tag":[],"class_list":{"0":"post-7040","1":"product","2":"type-product","3":"status-publish","4":"has-post-thumbnail","6":"product_cat-barvaxter","7":"product_cat-paketerbjudanden","8":"product_shipping_class-postpaket","10":"first","11":"instock","12":"sale","13":"taxable","14":"shipping-taxable","15":"purchasable","16":"product-type-simple"},"_links":{"self":[{"href":"https:\/\/www3.blomqvistplantskola.com\/fi\/wp-json\/wp\/v2\/product\/7040","targetHints":{"allow":["GET"]}}],"collection":[{"href":"https:\/\/www3.blomqvistplantskola.com\/fi\/wp-json\/wp\/v2\/product"}],"about":[{"href":"https:\/\/www3.blomqvistplantskola.com\/fi\/wp-json\/wp\/v2\/types\/product"}],"wp:featuredmedia":[{"embeddable":true,"href":"https:\/\/www3.blomqvistplantskola.com\/fi\/wp-json\/wp\/v2\/media\/4858"}],"wp:attachment":[{"href":"https:\/\/www3.blomqvistplantskola.com\/fi\/wp-json\/wp\/v2\/media?parent=7040"}],"wp:term":[{"taxonomy":"product_brand","embeddable":true,"href":"https:\/\/www3.blomqvistplantskola.com\/fi\/wp-json\/wp\/v2\/product_brand?post=7040"},{"taxonomy":"product_cat","embeddable":true,"href":"https:\/\/www3.blomqvistplantskola.com\/fi\/wp-json\/wp\/v2\/product_cat?post=7040"},{"taxonomy":"product_tag","embeddable":true,"href":"https:\/\/www3.blomqvistplantskola.com\/fi\/wp-json\/wp\/v2\/product_tag?post=7040"}],"curies":[{"name":"wp","href":"https:\/\/api.w.org\/{rel}","templated":true}]}}