{"id":7043,"date":"2026-03-13T14:18:28","date_gmt":"2026-03-13T12:18:28","guid":{"rendered":"https:\/\/www3.blomqvistplantskola.com\/?post_type=product&#038;p=7043"},"modified":"2026-04-23T12:48:07","modified_gmt":"2026-04-23T10:48:07","slug":"frost-spoprunus-persica","status":"publish","type":"product","link":"https:\/\/www3.blomqvistplantskola.com\/fi\/product\/frost-spoprunus-persica\/","title":{"rendered":"<b>Frost <\/b>(piiskataimi)<br>Prunus persica"},"content":{"rendered":"<p>Piiskataimi \/ nuori taimi 70-80cm.<br \/>\nMukana lyhyet ohjeet. Jo syksyll\u00e4 sinulla on pieni hedelm\u00e4puu.<\/p>\n<p>Perusrunko Prunus 'St Julien'<\/p>","protected":false},"excerpt":{"rendered":"<p>Ven\u00e4l\u00e4inen persikkalajike, yksi kest\u00e4vimmist\u00e4 lajikkeista Rigan lis\u00e4ksi. Kukkii hyvin aikaisin roosan v\u00e4risin kukin. Makeat ja mehukkaat hedelm\u00e4t. Sopii jopa talvipuutarhaan tai kasvihuoneeseen.<\/p>\n<p><strong>Vy\u00f6hyke: <\/strong>FI 1-2\/3. SE 1-4.<br \/>\n<strong>Tyyppi: <\/strong>Persikka<\/p>","protected":false},"featured_media":6449,"template":"","meta":[],"product_brand":[],"product_cat":[244],"product_tag":[],"class_list":{"0":"post-7043","1":"product","2":"type-product","3":"status-publish","4":"has-post-thumbnail","6":"product_cat-persikor","7":"product_shipping_class-postpaket","9":"first","10":"instock","11":"taxable","12":"shipping-taxable","13":"purchasable","14":"product-type-simple"},"_links":{"self":[{"href":"https:\/\/www3.blomqvistplantskola.com\/fi\/wp-json\/wp\/v2\/product\/7043","targetHints":{"allow":["GET"]}}],"collection":[{"href":"https:\/\/www3.blomqvistplantskola.com\/fi\/wp-json\/wp\/v2\/product"}],"about":[{"href":"https:\/\/www3.blomqvistplantskola.com\/fi\/wp-json\/wp\/v2\/types\/product"}],"wp:featuredmedia":[{"embeddable":true,"href":"https:\/\/www3.blomqvistplantskola.com\/fi\/wp-json\/wp\/v2\/media\/6449"}],"wp:attachment":[{"href":"https:\/\/www3.blomqvistplantskola.com\/fi\/wp-json\/wp\/v2\/media?parent=7043"}],"wp:term":[{"taxonomy":"product_brand","embeddable":true,"href":"https:\/\/www3.blomqvistplantskola.com\/fi\/wp-json\/wp\/v2\/product_brand?post=7043"},{"taxonomy":"product_cat","embeddable":true,"href":"https:\/\/www3.blomqvistplantskola.com\/fi\/wp-json\/wp\/v2\/product_cat?post=7043"},{"taxonomy":"product_tag","embeddable":true,"href":"https:\/\/www3.blomqvistplantskola.com\/fi\/wp-json\/wp\/v2\/product_tag?post=7043"}],"curies":[{"name":"wp","href":"https:\/\/api.w.org\/{rel}","templated":true}]}}