{"id":7044,"date":"2026-03-13T14:18:28","date_gmt":"2026-03-13T12:18:28","guid":{"rendered":"https:\/\/www3.blomqvistplantskola.com\/?post_type=product&#038;p=7044"},"modified":"2026-04-24T12:15:54","modified_gmt":"2026-04-24T10:15:54","slug":"rigaspoprunus-persica","status":"publish","type":"product","link":"https:\/\/www3.blomqvistplantskola.com\/fi\/product\/rigaspoprunus-persica\/","title":{"rendered":"<b>Riga<\/b>(piiskataimi)<br>Prunus persica"},"content":{"rendered":"<p>Piiskataimi 70-80cm, joskus pieni\u00e4 oksia.<br \/>\nMukana toimitetaan lyhyet viljelyohjeet, ja jo ensi syksyn\u00e4 sinulla on pieni hedelm\u00e4puu.<\/p>\n<p>Perusrunko Prunus 'St Julien'<\/p>","protected":false},"excerpt":{"rendered":"<p>Yksi kest\u00e4vimmist\u00e4 persikkalajikkeista, joka on kotoisin Ven\u00e4j\u00e4lt\u00e4. Eritt\u00e4in pidetty lajike, jolla on makeat ja mehukkaat hedelm\u00e4t. Kukkii kauniin vaaleanpunaisena aikaisin kev\u00e4\u00e4ll\u00e4. Voi tarvita suojausta j\u00e4\u00e4tymiselta kylmill\u00e4 alueilla. Sopii my\u00f6s talvipuutarhoihin ja kasvihuoneisiin.<\/p>\n<p><strong>Vy\u00f6hyke: <\/strong>FI 1-3. SE 1-4.<br \/>\n<strong>Tyyppi: <\/strong>Persikka<\/p>","protected":false},"featured_media":6452,"template":"","meta":[],"product_brand":[],"product_cat":[244],"product_tag":[],"class_list":{"0":"post-7044","1":"product","2":"type-product","3":"status-publish","4":"has-post-thumbnail","6":"product_cat-persikor","7":"product_shipping_class-postpaket","9":"first","10":"instock","11":"taxable","12":"shipping-taxable","13":"purchasable","14":"product-type-simple"},"_links":{"self":[{"href":"https:\/\/www3.blomqvistplantskola.com\/fi\/wp-json\/wp\/v2\/product\/7044","targetHints":{"allow":["GET"]}}],"collection":[{"href":"https:\/\/www3.blomqvistplantskola.com\/fi\/wp-json\/wp\/v2\/product"}],"about":[{"href":"https:\/\/www3.blomqvistplantskola.com\/fi\/wp-json\/wp\/v2\/types\/product"}],"wp:featuredmedia":[{"embeddable":true,"href":"https:\/\/www3.blomqvistplantskola.com\/fi\/wp-json\/wp\/v2\/media\/6452"}],"wp:attachment":[{"href":"https:\/\/www3.blomqvistplantskola.com\/fi\/wp-json\/wp\/v2\/media?parent=7044"}],"wp:term":[{"taxonomy":"product_brand","embeddable":true,"href":"https:\/\/www3.blomqvistplantskola.com\/fi\/wp-json\/wp\/v2\/product_brand?post=7044"},{"taxonomy":"product_cat","embeddable":true,"href":"https:\/\/www3.blomqvistplantskola.com\/fi\/wp-json\/wp\/v2\/product_cat?post=7044"},{"taxonomy":"product_tag","embeddable":true,"href":"https:\/\/www3.blomqvistplantskola.com\/fi\/wp-json\/wp\/v2\/product_tag?post=7044"}],"curies":[{"name":"wp","href":"https:\/\/api.w.org\/{rel}","templated":true}]}}