{"id":7058,"date":"2026-03-13T14:17:24","date_gmt":"2026-03-13T12:17:24","guid":{"rendered":"https:\/\/www3.blomqvistplantskola.com\/?post_type=product&#038;p=7058"},"modified":"2026-04-24T11:29:51","modified_gmt":"2026-04-24T09:29:51","slug":"rodbladig-dvargbjork-betula-hybr-hekla","status":"publish","type":"product","link":"https:\/\/www3.blomqvistplantskola.com\/fi\/product\/rodbladig-dvargbjork-betula-hybr-hekla\/","title":{"rendered":"<b>Punalehtinen k\u00e4\u00e4pi\u00f6koivu <\/b><br>Betula hybr. `Hekla\u00b4"},"content":{"rendered":"<p>Taimi n. 60-80 cm, sivuoksia, 1-2 runkoa. 2 litran ruukku.<\/p>","protected":false},"excerpt":{"rendered":"<p>Ihastuttava uusi koivu, jolla on riippuva kasvutapa. Odotetaan j\u00e4\u00e4v\u00e4n noin puoleen tavallisen koivun koosta. Islantilaisen riippakoivun, k\u00e4\u00e4pi\u00f6koivun ja suomalaisen punakoivun risteytys. Mit\u00e4 muuta voi synty\u00e4, kuin kerrassaan upea, kest\u00e4v\u00e4 punainen k\u00e4\u00e4pi\u00f6koivu, jolla on riippuvat oksat! Blomqvistin taimistolla on Pohjoismaissa yksinoikeus Heklaan. Ehdoton hankinta kasviker\u00e4ilij\u00e4lle!<\/p>\n<p><strong>Vy\u00f6hyke: <\/strong>FI 1-5. SE 1-6.<br \/>\n<strong>Korkeus:<\/strong> 6-10 m<\/p>","protected":false},"featured_media":4007,"template":"","meta":[],"product_brand":[],"product_cat":[254],"product_tag":[],"class_list":{"0":"post-7058","1":"product","2":"type-product","3":"status-publish","4":"has-post-thumbnail","6":"product_cat-lovtrad","7":"product_shipping_class-postpaket","9":"first","10":"instock","11":"downloadable","12":"taxable","13":"shipping-taxable","14":"purchasable","15":"product-type-simple"},"_links":{"self":[{"href":"https:\/\/www3.blomqvistplantskola.com\/fi\/wp-json\/wp\/v2\/product\/7058","targetHints":{"allow":["GET"]}}],"collection":[{"href":"https:\/\/www3.blomqvistplantskola.com\/fi\/wp-json\/wp\/v2\/product"}],"about":[{"href":"https:\/\/www3.blomqvistplantskola.com\/fi\/wp-json\/wp\/v2\/types\/product"}],"wp:featuredmedia":[{"embeddable":true,"href":"https:\/\/www3.blomqvistplantskola.com\/fi\/wp-json\/wp\/v2\/media\/4007"}],"wp:attachment":[{"href":"https:\/\/www3.blomqvistplantskola.com\/fi\/wp-json\/wp\/v2\/media?parent=7058"}],"wp:term":[{"taxonomy":"product_brand","embeddable":true,"href":"https:\/\/www3.blomqvistplantskola.com\/fi\/wp-json\/wp\/v2\/product_brand?post=7058"},{"taxonomy":"product_cat","embeddable":true,"href":"https:\/\/www3.blomqvistplantskola.com\/fi\/wp-json\/wp\/v2\/product_cat?post=7058"},{"taxonomy":"product_tag","embeddable":true,"href":"https:\/\/www3.blomqvistplantskola.com\/fi\/wp-json\/wp\/v2\/product_tag?post=7058"}],"curies":[{"name":"wp","href":"https:\/\/api.w.org\/{rel}","templated":true}]}}