{"id":7081,"date":"2026-03-13T14:08:34","date_gmt":"2026-03-13T12:08:34","guid":{"rendered":"https:\/\/www3.blomqvistplantskola.com\/?post_type=product&#038;p=7081"},"modified":"2026-04-27T18:27:42","modified_gmt":"2026-04-27T16:27:42","slug":"blabarstry-honungsbarlonicera-caerulea-var-kamtschatica-blue-rocksinij-utes","status":"publish","type":"product","link":"https:\/\/www3.blomqvistplantskola.com\/fi\/product\/blabarstry-honungsbarlonicera-caerulea-var-kamtschatica-blue-rocksinij-utes\/","title":{"rendered":"<b>Marjasinikuusama - Hunajamarja<\/b><br>Lonicera caerulea var. kamtschatica `Blue Rock\u00b4(`Sinij Utes\u00b4)"},"content":{"rendered":"<p>3-vuotias taimi  13cm:n ruukussa.<\/p>","protected":false},"excerpt":{"rendered":"<p>Aivan uusi lajike Ven\u00e4j\u00e4lt\u00e4. Pystykasvuinen lajike, joka soveltuu sek\u00e4 koneelliseen ett\u00e4 k\u00e4sinpoimintaan. Suuret marjat, 1,6-2,6g, joissa sek\u00e4 makeutta ett\u00e4 hapokkuutta. 14 brix. Yksi parhaista makutestiss\u00e4, 4,6\/5 pistett\u00e4. Kotipuutarhassa voi antaa satoa jopa 7 kg\/ pensas, ammattiviljelyss\u00e4 11,5 kg\/ pensas. Istutetaan toisen lajikkeen kanssa sadon saamiseksi.<\/p>\n<p><strong>Vy\u00f6hyke: <\/strong>FI 1-6. SE 1-7.<br \/>\n<strong>H\u00f6jd och bredd: <\/strong>1,4-1,8 m<\/p>","protected":false},"featured_media":7077,"template":"","meta":[],"product_brand":[],"product_cat":[248],"product_tag":[],"class_list":{"0":"post-7081","1":"product","2":"type-product","3":"status-publish","4":"has-post-thumbnail","6":"product_cat-barvaxter","7":"product_shipping_class-postpaket","9":"first","10":"instock","11":"taxable","12":"shipping-taxable","13":"purchasable","14":"product-type-simple"},"_links":{"self":[{"href":"https:\/\/www3.blomqvistplantskola.com\/fi\/wp-json\/wp\/v2\/product\/7081","targetHints":{"allow":["GET"]}}],"collection":[{"href":"https:\/\/www3.blomqvistplantskola.com\/fi\/wp-json\/wp\/v2\/product"}],"about":[{"href":"https:\/\/www3.blomqvistplantskola.com\/fi\/wp-json\/wp\/v2\/types\/product"}],"wp:featuredmedia":[{"embeddable":true,"href":"https:\/\/www3.blomqvistplantskola.com\/fi\/wp-json\/wp\/v2\/media\/7077"}],"wp:attachment":[{"href":"https:\/\/www3.blomqvistplantskola.com\/fi\/wp-json\/wp\/v2\/media?parent=7081"}],"wp:term":[{"taxonomy":"product_brand","embeddable":true,"href":"https:\/\/www3.blomqvistplantskola.com\/fi\/wp-json\/wp\/v2\/product_brand?post=7081"},{"taxonomy":"product_cat","embeddable":true,"href":"https:\/\/www3.blomqvistplantskola.com\/fi\/wp-json\/wp\/v2\/product_cat?post=7081"},{"taxonomy":"product_tag","embeddable":true,"href":"https:\/\/www3.blomqvistplantskola.com\/fi\/wp-json\/wp\/v2\/product_tag?post=7081"}],"curies":[{"name":"wp","href":"https:\/\/api.w.org\/{rel}","templated":true}]}}