{"id":7082,"date":"2026-03-13T14:08:34","date_gmt":"2026-03-13T12:08:34","guid":{"rendered":"https:\/\/www3.blomqvistplantskola.com\/?post_type=product&#038;p=7082"},"modified":"2026-04-14T09:44:32","modified_gmt":"2026-04-14T07:44:32","slug":"blabarstry-honungsbarlonicera-caerulea-var-kamtschatica-vostorg","status":"publish","type":"product","link":"https:\/\/www3.blomqvistplantskola.com\/fi\/product\/blabarstry-honungsbarlonicera-caerulea-var-kamtschatica-vostorg\/","title":{"rendered":"<b>Marjasinikuusama - Hunajamarja<\/b><br>Lonicera caerulea var. kamtschatica `Vostorg\u00b4"},"content":{"rendered":"<p>3-vuotias taimi 2 litran ruukussa.<\/p>","protected":false},"excerpt":{"rendered":"<p>T\u00e4ysin uusi Ven\u00e4l\u00e4inen lajike vuodelta 2012. Paljon suuria marjoja (jopa 5cm), jotka kypsyv\u00e4t hein\u00e4kuun alussa. Maku on tasapainoisen makea. Aavistus happamuutta ja korkea sokeripitoisuus. Marjat s\u00e4ilyv\u00e4t hyvin, koska kuori on v\u00e4h\u00e4n paksumpi ja poimittaessa marjan kanta j\u00e4\u00e4 kiinni marjaan. Herkkumarja joka sopii my\u00f6s hyvin pakastukseen. Ei itse p\u00f6lyttyv\u00e4, istutetaan yhdess\u00e4 toisen lajikkeen kanssa sadon saamiseksi.<\/p>\n<p><strong>Vy\u00f6hyke: <\/strong>FI 1-6. SE 1-7.<br \/>\n<strong>H\u00f6jd och bredd: <\/strong>1,4-1,6 m, bredd 1,5-2 m<\/p>","protected":false},"featured_media":4795,"template":"","meta":[],"product_brand":[],"product_cat":[248],"product_tag":[],"class_list":{"0":"post-7082","1":"product","2":"type-product","3":"status-publish","4":"has-post-thumbnail","6":"product_cat-barvaxter","7":"product_shipping_class-postpaket","9":"first","10":"instock","11":"taxable","12":"shipping-taxable","13":"purchasable","14":"product-type-simple"},"_links":{"self":[{"href":"https:\/\/www3.blomqvistplantskola.com\/fi\/wp-json\/wp\/v2\/product\/7082","targetHints":{"allow":["GET"]}}],"collection":[{"href":"https:\/\/www3.blomqvistplantskola.com\/fi\/wp-json\/wp\/v2\/product"}],"about":[{"href":"https:\/\/www3.blomqvistplantskola.com\/fi\/wp-json\/wp\/v2\/types\/product"}],"wp:featuredmedia":[{"embeddable":true,"href":"https:\/\/www3.blomqvistplantskola.com\/fi\/wp-json\/wp\/v2\/media\/4795"}],"wp:attachment":[{"href":"https:\/\/www3.blomqvistplantskola.com\/fi\/wp-json\/wp\/v2\/media?parent=7082"}],"wp:term":[{"taxonomy":"product_brand","embeddable":true,"href":"https:\/\/www3.blomqvistplantskola.com\/fi\/wp-json\/wp\/v2\/product_brand?post=7082"},{"taxonomy":"product_cat","embeddable":true,"href":"https:\/\/www3.blomqvistplantskola.com\/fi\/wp-json\/wp\/v2\/product_cat?post=7082"},{"taxonomy":"product_tag","embeddable":true,"href":"https:\/\/www3.blomqvistplantskola.com\/fi\/wp-json\/wp\/v2\/product_tag?post=7082"}],"curies":[{"name":"wp","href":"https:\/\/api.w.org\/{rel}","templated":true}]}}