{"id":7083,"date":"2026-03-13T14:08:35","date_gmt":"2026-03-13T12:08:35","guid":{"rendered":"https:\/\/www3.blomqvistplantskola.com\/?post_type=product&#038;p=7083"},"modified":"2026-04-16T21:07:36","modified_gmt":"2026-04-16T19:07:36","slug":"blabarstry-honungsbarlonicera-caerulea-var-kamtschatica-aurora","status":"publish","type":"product","link":"https:\/\/www3.blomqvistplantskola.com\/fi\/product\/blabarstry-honungsbarlonicera-caerulea-var-kamtschatica-aurora\/","title":{"rendered":"<b>Marjasinikuusama - Hunajamarja<\/b><br>Lonicera caerulea var. kamtschatica `Aurora\u00b4"},"content":{"rendered":"<p>3-vuotias taimi 2 litran ruukussa.<\/p>","protected":false},"excerpt":{"rendered":"<p>Uusin kanadalaisista lajikkeista, vuodelta 2012. Pensas on korkeakasvuinen, mutta kapeahko. Marjat ovat suuria ja helposti poimittavia. Ne ovat eritt\u00e4in hyv\u00e4nmakuisia ja makeita, lis\u00e4ksi niiss\u00e4 on aavistuksen verran hapokkuutta. Sato kypsyy kes\u00e4kuun lopussa tai hein\u00e4kuun alussa, marjat eiv\u00e4t putoile helposti pensaista. Eritt\u00e4in runsassatoinen, jopa 5 kg\/pensas. Hyv\u00e4 p\u00f6lytt\u00e4j\u00e4lajike sek\u00e4 my\u00f6h\u00e4isemmille, ett\u00e4 aikaisemmille lajikkeille.<\/p>\n<p><strong>Vy\u00f6hyke: <\/strong>FI 1-6. SE 1-7.<br \/>\n<strong>H\u00f6jd och bredd: <\/strong>1,6-1,8 m<\/p>","protected":false},"featured_media":4807,"template":"","meta":[],"product_brand":[],"product_cat":[248],"product_tag":[],"class_list":{"0":"post-7083","1":"product","2":"type-product","3":"status-publish","4":"has-post-thumbnail","6":"product_cat-barvaxter","8":"first","9":"instock","10":"taxable","11":"shipping-taxable","12":"purchasable","13":"product-type-simple"},"_links":{"self":[{"href":"https:\/\/www3.blomqvistplantskola.com\/fi\/wp-json\/wp\/v2\/product\/7083","targetHints":{"allow":["GET"]}}],"collection":[{"href":"https:\/\/www3.blomqvistplantskola.com\/fi\/wp-json\/wp\/v2\/product"}],"about":[{"href":"https:\/\/www3.blomqvistplantskola.com\/fi\/wp-json\/wp\/v2\/types\/product"}],"wp:featuredmedia":[{"embeddable":true,"href":"https:\/\/www3.blomqvistplantskola.com\/fi\/wp-json\/wp\/v2\/media\/4807"}],"wp:attachment":[{"href":"https:\/\/www3.blomqvistplantskola.com\/fi\/wp-json\/wp\/v2\/media?parent=7083"}],"wp:term":[{"taxonomy":"product_brand","embeddable":true,"href":"https:\/\/www3.blomqvistplantskola.com\/fi\/wp-json\/wp\/v2\/product_brand?post=7083"},{"taxonomy":"product_cat","embeddable":true,"href":"https:\/\/www3.blomqvistplantskola.com\/fi\/wp-json\/wp\/v2\/product_cat?post=7083"},{"taxonomy":"product_tag","embeddable":true,"href":"https:\/\/www3.blomqvistplantskola.com\/fi\/wp-json\/wp\/v2\/product_tag?post=7083"}],"curies":[{"name":"wp","href":"https:\/\/api.w.org\/{rel}","templated":true}]}}