{"id":7086,"date":"2026-03-13T14:09:16","date_gmt":"2026-03-13T12:09:16","guid":{"rendered":"https:\/\/www3.blomqvistplantskola.com\/?post_type=product&#038;p=7086"},"modified":"2026-04-14T21:20:11","modified_gmt":"2026-04-14T19:20:11","slug":"blabarstry-honungsbarlonicera-caerulea-var-kamtschatica-boreal-beauty","status":"publish","type":"product","link":"https:\/\/www3.blomqvistplantskola.com\/fi\/product\/blabarstry-honungsbarlonicera-caerulea-var-kamtschatica-boreal-beauty\/","title":{"rendered":"<b>Marjasinikuusama - Hunajamarja<\/b><br>Lonicera caerulea var. kamtschatica `Boreal Beauty\u00b4"},"content":{"rendered":"<p>3-vuotias taimi 2 litran ruukussa.<\/p>","protected":false},"excerpt":{"rendered":"<p>Uusi kanadalainen lajike, joka kuuluu samaan sarjaan kuin Boreal Blizzard ja Boreal Beast, jotka niin ik\u00e4\u00e4n tulee istuttaa yhdess\u00e4 p\u00f6lyttymisen varmistamiseksi. My\u00f6s Aurora-lajike soveltuu p\u00f6lytt\u00e4j\u00e4ksi. Boreal lajikkeet kypsyv\u00e4t 2-3 viikkoa my\u00f6hemmin kuin \"tavalliset\" sinimarjakuusamat. Marjat ovat suuria, makeita ja niiss\u00e4 on vain v\u00e4h\u00e4n viinihapokkuutta. Marjat ovat todella suuria, 2,7-3,7g. Marjan kuori on paksuhko, joten s\u00e4ilytett\u00e4vyys on hyv\u00e4. Eritt\u00e4in pidetty makutesteiss\u00e4.<\/p>\n<p><strong>Vy\u00f6hyke: <\/strong>FI 1-6. SE 1-7.<br \/>\n<strong>H\u00f6jd och bredd: <\/strong>1,4-1,8 m<\/p>","protected":false},"featured_media":4802,"template":"","meta":[],"product_brand":[],"product_cat":[248],"product_tag":[],"class_list":{"0":"post-7086","1":"product","2":"type-product","3":"status-publish","4":"has-post-thumbnail","6":"product_cat-barvaxter","7":"product_shipping_class-postpaket","9":"first","10":"instock","11":"taxable","12":"shipping-taxable","13":"purchasable","14":"product-type-simple"},"_links":{"self":[{"href":"https:\/\/www3.blomqvistplantskola.com\/fi\/wp-json\/wp\/v2\/product\/7086","targetHints":{"allow":["GET"]}}],"collection":[{"href":"https:\/\/www3.blomqvistplantskola.com\/fi\/wp-json\/wp\/v2\/product"}],"about":[{"href":"https:\/\/www3.blomqvistplantskola.com\/fi\/wp-json\/wp\/v2\/types\/product"}],"wp:featuredmedia":[{"embeddable":true,"href":"https:\/\/www3.blomqvistplantskola.com\/fi\/wp-json\/wp\/v2\/media\/4802"}],"wp:attachment":[{"href":"https:\/\/www3.blomqvistplantskola.com\/fi\/wp-json\/wp\/v2\/media?parent=7086"}],"wp:term":[{"taxonomy":"product_brand","embeddable":true,"href":"https:\/\/www3.blomqvistplantskola.com\/fi\/wp-json\/wp\/v2\/product_brand?post=7086"},{"taxonomy":"product_cat","embeddable":true,"href":"https:\/\/www3.blomqvistplantskola.com\/fi\/wp-json\/wp\/v2\/product_cat?post=7086"},{"taxonomy":"product_tag","embeddable":true,"href":"https:\/\/www3.blomqvistplantskola.com\/fi\/wp-json\/wp\/v2\/product_tag?post=7086"}],"curies":[{"name":"wp","href":"https:\/\/api.w.org\/{rel}","templated":true}]}}