{"id":7089,"date":"2026-03-13T14:09:16","date_gmt":"2026-03-13T12:09:16","guid":{"rendered":"https:\/\/www3.blomqvistplantskola.com\/?post_type=product&#038;p=7089"},"modified":"2026-04-16T12:21:34","modified_gmt":"2026-04-16T10:21:34","slug":"blabarstry-honungsbarlonicera-caerulea-var-kamtschatica-strawberry-sensation","status":"publish","type":"product","link":"https:\/\/www3.blomqvistplantskola.com\/fi\/product\/blabarstry-honungsbarlonicera-caerulea-var-kamtschatica-strawberry-sensation\/","title":{"rendered":"<b>Marjasinikuusama - Hunajamarja<\/b><br>Lonicera caerulea var. kamtschatica `Strawberry Sensation\u00b4"},"content":{"rendered":"<p>3-vuotias taimi 2 litran ruukussa.<\/p>","protected":false},"excerpt":{"rendered":"<p>Alldeles ny lite senare mognande sort fr\u00e5n Kanada. Elliptiska till n\u00e4stan runda 2 cm l\u00e5nga b\u00e4r mognar i mitten-slutet av juli. B\u00e4ren har s\u00f6tma och syrlighet och en fin arom av vilda jordgubbar. 15-18 brix . Kan ge fina sk\u00f6rdar p\u00e5 3,5-4,5 kg\/buske. Samplantera flera olika namnsorter f\u00f6r att f\u00e5 sk\u00f6rd.<\/p>\n<p><strong>Vy\u00f6hyke: <\/strong>FI 1-6. SE 1-7.<br \/>\n<strong>H\u00f6jd och bredd: <\/strong>1,4-1,8 m<\/p>","protected":false},"featured_media":7232,"template":"","meta":[],"product_brand":[],"product_cat":[248],"product_tag":[],"class_list":{"0":"post-7089","1":"product","2":"type-product","3":"status-publish","4":"has-post-thumbnail","6":"product_cat-barvaxter","7":"product_shipping_class-postpaket","9":"first","10":"outofstock","11":"taxable","12":"shipping-taxable","13":"purchasable","14":"product-type-simple"},"_links":{"self":[{"href":"https:\/\/www3.blomqvistplantskola.com\/fi\/wp-json\/wp\/v2\/product\/7089","targetHints":{"allow":["GET"]}}],"collection":[{"href":"https:\/\/www3.blomqvistplantskola.com\/fi\/wp-json\/wp\/v2\/product"}],"about":[{"href":"https:\/\/www3.blomqvistplantskola.com\/fi\/wp-json\/wp\/v2\/types\/product"}],"wp:featuredmedia":[{"embeddable":true,"href":"https:\/\/www3.blomqvistplantskola.com\/fi\/wp-json\/wp\/v2\/media\/7232"}],"wp:attachment":[{"href":"https:\/\/www3.blomqvistplantskola.com\/fi\/wp-json\/wp\/v2\/media?parent=7089"}],"wp:term":[{"taxonomy":"product_brand","embeddable":true,"href":"https:\/\/www3.blomqvistplantskola.com\/fi\/wp-json\/wp\/v2\/product_brand?post=7089"},{"taxonomy":"product_cat","embeddable":true,"href":"https:\/\/www3.blomqvistplantskola.com\/fi\/wp-json\/wp\/v2\/product_cat?post=7089"},{"taxonomy":"product_tag","embeddable":true,"href":"https:\/\/www3.blomqvistplantskola.com\/fi\/wp-json\/wp\/v2\/product_tag?post=7089"}],"curies":[{"name":"wp","href":"https:\/\/api.w.org\/{rel}","templated":true}]}}