{"id":7092,"date":"2026-03-13T14:09:16","date_gmt":"2026-03-13T12:09:16","guid":{"rendered":"https:\/\/www3.blomqvistplantskola.com\/?post_type=product&#038;p=7092"},"modified":"2026-04-14T10:43:00","modified_gmt":"2026-04-14T08:43:00","slug":"vinranka-vitis-labrusca-zilga","status":"publish","type":"product","link":"https:\/\/www3.blomqvistplantskola.com\/fi\/product\/vinranka-vitis-labrusca-zilga\/","title":{"rendered":"<b>Viinik\u00f6ynn\u00f6s <\/b><br>Vitis labrusca `Zilga\u00b4"},"content":{"rendered":"<p>Taimi 2 litran ruukussa.<\/p>","protected":false},"excerpt":{"rendered":"<p>Kest\u00e4vin viinik\u00f6ynn\u00f6s. Zilga kuuluu helppohoitoisiin ja talvenkest\u00e4viin labrusca-lajikkeisiin \/ ojukkaviineihin. Hedelm\u00e4t ovat melko pieni\u00e4, kauniin sinihimmeit\u00e4 ja aromikkaita. Ryp\u00e4leet sopivat mainiosti mehuihin, viineihin, hilloihin ja tuorek\u00e4ytt\u00f6\u00f6n. Makeus lis\u00e4\u00e4ntyy viljelt\u00e4ess\u00e4 aurinkoisella, l\u00e4mpim\u00e4ll\u00e4 seinustalla ja kun hedelm\u00e4t saavat kypsy\u00e4 pitk\u00e4\u00e4n. Runsasatoinen. Vaatii kasvualustan matalaa pH:ta viihty\u00e4kseen. Kest\u00e4v\u00e4 jopa -38C. Viinik\u00f6ynn\u00f6ksist\u00e4mme kaikkein viljellyin erinomaisen talvenkest\u00e4vyytens\u00e4 takia. Parina ensimm\u00e4isen\u00e4 talvena on juuristo hyv\u00e4 talvisuojata ylemmill\u00e4 vy\u00f6hykkeill\u00e4.<\/p>\n<p><strong>Vy\u00f6hyke: <\/strong>FI 1-4. SE 1-5.<br \/>\n<strong>Korkeus: <\/strong>4 &#8211; 6 m<\/p>","protected":false},"featured_media":7095,"template":"","meta":[],"product_brand":[],"product_cat":[248],"product_tag":[],"class_list":{"0":"post-7092","1":"product","2":"type-product","3":"status-publish","4":"has-post-thumbnail","6":"product_cat-barvaxter","7":"product_shipping_class-postpaket","9":"first","10":"instock","11":"taxable","12":"shipping-taxable","13":"purchasable","14":"product-type-simple"},"_links":{"self":[{"href":"https:\/\/www3.blomqvistplantskola.com\/fi\/wp-json\/wp\/v2\/product\/7092","targetHints":{"allow":["GET"]}}],"collection":[{"href":"https:\/\/www3.blomqvistplantskola.com\/fi\/wp-json\/wp\/v2\/product"}],"about":[{"href":"https:\/\/www3.blomqvistplantskola.com\/fi\/wp-json\/wp\/v2\/types\/product"}],"wp:featuredmedia":[{"embeddable":true,"href":"https:\/\/www3.blomqvistplantskola.com\/fi\/wp-json\/wp\/v2\/media\/7095"}],"wp:attachment":[{"href":"https:\/\/www3.blomqvistplantskola.com\/fi\/wp-json\/wp\/v2\/media?parent=7092"}],"wp:term":[{"taxonomy":"product_brand","embeddable":true,"href":"https:\/\/www3.blomqvistplantskola.com\/fi\/wp-json\/wp\/v2\/product_brand?post=7092"},{"taxonomy":"product_cat","embeddable":true,"href":"https:\/\/www3.blomqvistplantskola.com\/fi\/wp-json\/wp\/v2\/product_cat?post=7092"},{"taxonomy":"product_tag","embeddable":true,"href":"https:\/\/www3.blomqvistplantskola.com\/fi\/wp-json\/wp\/v2\/product_tag?post=7092"}],"curies":[{"name":"wp","href":"https:\/\/api.w.org\/{rel}","templated":true}]}}