{"id":7096,"date":"2026-03-13T14:09:17","date_gmt":"2026-03-13T12:09:17","guid":{"rendered":"https:\/\/www3.blomqvistplantskola.com\/?post_type=product&#038;p=7096"},"modified":"2026-04-22T14:40:54","modified_gmt":"2026-04-22T12:40:54","slug":"svarthallon-rubus-occidentalis-black-jewel","status":"publish","type":"product","link":"https:\/\/www3.blomqvistplantskola.com\/fi\/product\/svarthallon-rubus-occidentalis-black-jewel\/","title":{"rendered":"<b>Mustavadelma <\/b><br>Rubus occidentalis `Black Jewel\u00b4"},"content":{"rendered":"<p>Haaroittunut taimi 2 litran ruukussa.<\/p>","protected":false},"excerpt":{"rendered":"<p>Mielenkiintoinen lajike, jolla mustat marjat, joiden pinnalla on harmaa h\u00e4iv\u00e4hdys. Marjoissa on vain v\u00e4h\u00e4n siemeni\u00e4. Maku on herkullinen, makea ja mehukas. Marjat ovat hyvi\u00e4 tuoreena, mutta soveltuvat hienosti my\u00f6s hilloihin ja lik\u00f6\u00f6riin. Satokypsi\u00e4, kun irtoavat helposti kannasta. Kasvatus s\u00e4leikk\u00f6\u00e4 tai sein\u00e4\u00e4 vasten mahdollistaa l\u00e4mpim\u00e4n paikan ja sadon kypsymisen syksyll\u00e4. Nopeakasvuinen. Tuottaa sadon vanhoilla versoilla<\/p>\n<p><strong>Vy\u00f6hyke: <\/strong>FI 1-2\/3. SE 1-4.<br \/>\n<strong>Korkeus:<\/strong> 2,5-3+ m<\/p>","protected":false},"featured_media":7097,"template":"","meta":[],"product_brand":[],"product_cat":[248],"product_tag":[],"class_list":{"0":"post-7096","1":"product","2":"type-product","3":"status-publish","4":"has-post-thumbnail","6":"product_cat-barvaxter","7":"product_shipping_class-postpaket","9":"first","10":"instock","11":"taxable","12":"shipping-taxable","13":"purchasable","14":"product-type-simple"},"_links":{"self":[{"href":"https:\/\/www3.blomqvistplantskola.com\/fi\/wp-json\/wp\/v2\/product\/7096","targetHints":{"allow":["GET"]}}],"collection":[{"href":"https:\/\/www3.blomqvistplantskola.com\/fi\/wp-json\/wp\/v2\/product"}],"about":[{"href":"https:\/\/www3.blomqvistplantskola.com\/fi\/wp-json\/wp\/v2\/types\/product"}],"wp:featuredmedia":[{"embeddable":true,"href":"https:\/\/www3.blomqvistplantskola.com\/fi\/wp-json\/wp\/v2\/media\/7097"}],"wp:attachment":[{"href":"https:\/\/www3.blomqvistplantskola.com\/fi\/wp-json\/wp\/v2\/media?parent=7096"}],"wp:term":[{"taxonomy":"product_brand","embeddable":true,"href":"https:\/\/www3.blomqvistplantskola.com\/fi\/wp-json\/wp\/v2\/product_brand?post=7096"},{"taxonomy":"product_cat","embeddable":true,"href":"https:\/\/www3.blomqvistplantskola.com\/fi\/wp-json\/wp\/v2\/product_cat?post=7096"},{"taxonomy":"product_tag","embeddable":true,"href":"https:\/\/www3.blomqvistplantskola.com\/fi\/wp-json\/wp\/v2\/product_tag?post=7096"}],"curies":[{"name":"wp","href":"https:\/\/api.w.org\/{rel}","templated":true}]}}