{"id":7098,"date":"2026-03-13T14:09:17","date_gmt":"2026-03-13T12:09:17","guid":{"rendered":"https:\/\/www3.blomqvistplantskola.com\/?post_type=product&#038;p=7098"},"modified":"2026-04-17T12:58:43","modified_gmt":"2026-04-17T10:58:43","slug":"sibiriskt-bjornbar-rubus-fruticosus-sibirisk","status":"publish","type":"product","link":"https:\/\/www3.blomqvistplantskola.com\/fi\/product\/sibiriskt-bjornbar-rubus-fruticosus-sibirisk\/","title":{"rendered":"<b>Siperialainen karhunvadelma <\/b><br>Rubus fruticosus `sibirisk\u00b4"},"content":{"rendered":"<p>Taimi 1,4 litran ruukussa.<\/p>","protected":false},"excerpt":{"rendered":"<p>Siperialainen runsasmarjainen lajike, jolla suuret, maukkaat marjat, upea aromi. Monien mielest\u00e4 paras karhunvadelma huolimatta piikikk\u00e4'ist\u00e4 oksista. Satokausi on varsin pitk\u00e4. Viljell\u00e4\u00e4n kuten k\u00e4ynn\u00f6skasvi tuen kera, mielell\u00e4\u00e4n vasten l\u00e4mmint\u00e4 etel\u00e4sein\u00e4\u00e4 parhaan mahdollisen sadon saamiseksi viel\u00e4 my\u00f6h\u00e4issyksyn aikana. Luultavasti kaikkein talvenkest\u00e4vin karhunvadelmalajike.<\/p>\n<p><strong>Vy\u00f6hyke: <\/strong>FI 1-5. SE 1-6.<br \/>\n<strong>Korkeus:<\/strong> 2 &#8211; 3 m<\/p>","protected":false},"featured_media":4407,"template":"","meta":[],"product_brand":[],"product_cat":[248],"product_tag":[],"class_list":{"0":"post-7098","1":"product","2":"type-product","3":"status-publish","4":"has-post-thumbnail","6":"product_cat-barvaxter","7":"product_shipping_class-postpaket","9":"first","10":"instock","11":"taxable","12":"shipping-taxable","13":"purchasable","14":"product-type-simple"},"_links":{"self":[{"href":"https:\/\/www3.blomqvistplantskola.com\/fi\/wp-json\/wp\/v2\/product\/7098","targetHints":{"allow":["GET"]}}],"collection":[{"href":"https:\/\/www3.blomqvistplantskola.com\/fi\/wp-json\/wp\/v2\/product"}],"about":[{"href":"https:\/\/www3.blomqvistplantskola.com\/fi\/wp-json\/wp\/v2\/types\/product"}],"wp:featuredmedia":[{"embeddable":true,"href":"https:\/\/www3.blomqvistplantskola.com\/fi\/wp-json\/wp\/v2\/media\/4407"}],"wp:attachment":[{"href":"https:\/\/www3.blomqvistplantskola.com\/fi\/wp-json\/wp\/v2\/media?parent=7098"}],"wp:term":[{"taxonomy":"product_brand","embeddable":true,"href":"https:\/\/www3.blomqvistplantskola.com\/fi\/wp-json\/wp\/v2\/product_brand?post=7098"},{"taxonomy":"product_cat","embeddable":true,"href":"https:\/\/www3.blomqvistplantskola.com\/fi\/wp-json\/wp\/v2\/product_cat?post=7098"},{"taxonomy":"product_tag","embeddable":true,"href":"https:\/\/www3.blomqvistplantskola.com\/fi\/wp-json\/wp\/v2\/product_tag?post=7098"}],"curies":[{"name":"wp","href":"https:\/\/api.w.org\/{rel}","templated":true}]}}