{"id":7099,"date":"2026-03-13T14:11:05","date_gmt":"2026-03-13T12:11:05","guid":{"rendered":"https:\/\/www3.blomqvistplantskola.com\/?post_type=product&#038;p=7099"},"modified":"2026-04-13T20:27:33","modified_gmt":"2026-04-13T18:27:33","slug":"sibiriskt-bjornbar-rubus-fruticosus-sonja","status":"publish","type":"product","link":"https:\/\/www3.blomqvistplantskola.com\/fi\/product\/sibiriskt-bjornbar-rubus-fruticosus-sonja\/","title":{"rendered":"<b>Siperialainen karhunvadelma <\/b><br>Rubus fruticosus `Sonja\u00b4"},"content":{"rendered":"<p>Taimi 1,4 litran ruukussa.<\/p>","protected":false},"excerpt":{"rendered":"<p>Siperialainen lajike, jonka alkuper\u00e4 on tuntematon. Marjat ovat suuria, makeita ja aromaattisia ja kypsyv\u00e4t suhteellisen aikaisin. Satoaika on pitk\u00e4. Kasvatetaan aurinkoisella, suojaisella paikalla sein\u00e4n vierell\u00e4, jotta piikikk\u00e4\u00e4t varret on mahdollista tukea. my\u00f6s sadosta tulee n\u00e4in runsaampi ja se kypsyy aiemmin. Runsassatoinen lajike ja talvenkest\u00e4v\u00e4.<\/p>\n<p><strong>Vy\u00f6hyke: <\/strong>FI 1-5. SE 1-6.<br \/>\n<strong>Korkeus:<\/strong> 2 &#8211; 3 m<\/p>","protected":false},"featured_media":4407,"template":"","meta":[],"product_brand":[],"product_cat":[248],"product_tag":[],"class_list":{"0":"post-7099","1":"product","2":"type-product","3":"status-publish","4":"has-post-thumbnail","6":"product_cat-barvaxter","7":"product_shipping_class-postpaket","9":"first","10":"instock","11":"taxable","12":"shipping-taxable","13":"purchasable","14":"product-type-simple"},"_links":{"self":[{"href":"https:\/\/www3.blomqvistplantskola.com\/fi\/wp-json\/wp\/v2\/product\/7099","targetHints":{"allow":["GET"]}}],"collection":[{"href":"https:\/\/www3.blomqvistplantskola.com\/fi\/wp-json\/wp\/v2\/product"}],"about":[{"href":"https:\/\/www3.blomqvistplantskola.com\/fi\/wp-json\/wp\/v2\/types\/product"}],"wp:featuredmedia":[{"embeddable":true,"href":"https:\/\/www3.blomqvistplantskola.com\/fi\/wp-json\/wp\/v2\/media\/4407"}],"wp:attachment":[{"href":"https:\/\/www3.blomqvistplantskola.com\/fi\/wp-json\/wp\/v2\/media?parent=7099"}],"wp:term":[{"taxonomy":"product_brand","embeddable":true,"href":"https:\/\/www3.blomqvistplantskola.com\/fi\/wp-json\/wp\/v2\/product_brand?post=7099"},{"taxonomy":"product_cat","embeddable":true,"href":"https:\/\/www3.blomqvistplantskola.com\/fi\/wp-json\/wp\/v2\/product_cat?post=7099"},{"taxonomy":"product_tag","embeddable":true,"href":"https:\/\/www3.blomqvistplantskola.com\/fi\/wp-json\/wp\/v2\/product_tag?post=7099"}],"curies":[{"name":"wp","href":"https:\/\/api.w.org\/{rel}","templated":true}]}}